{"id":1725,"date":"2013-09-24T07:37:32","date_gmt":"2013-09-24T06:37:32","guid":{"rendered":"https:\/\/therapiesenergetiques.ch\/tarifs\/"},"modified":"2024-05-15T18:44:02","modified_gmt":"2024-05-15T17:44:02","slug":"tarifs","status":"publish","type":"page","link":"https:\/\/therapiesenergetiques.ch\/en\/tarifs\/","title":{"rendered":"Prices"},"content":{"rendered":"<div class=\"wpb-content-wrapper\"><p>[vc_row][vc_column][vc_column_text]<\/p>\n<table id=\"tarif\" style=\"height: 1564px;\" border=\"0\" width=\"1055\">\n<tbody>\n<tr>\n<td style=\"width: 1330px;\">\n<div style=\"font-size: medium;\">\n<p><strong><span style=\"text-decoration: underline;\">B<\/span><span style=\"text-decoration: underline;\">bioresonance<\/span><\/strong>\u00a0(ASCA therapist reimbursed by complementary insurance for these 2 methods; please inquire with your health insurance):<\/p>\n<p style=\"text-align: justify;\"><span style=\"font-size: medium;\"><strong>Session Chf 160.-<\/strong> including a health check-up and a therapeutic session. Duration: 1h30<\/span><\/p>\n<\/div>\n<p><input alt=\"PayPal, le r\u00e9flexe s\u00e9curit\u00e9 pour payer en ligne\" name=\"submit\" src=\"https:\/\/www.paypalobjects.com\/fr_FR\/CH\/i\/btn\/btn_paynowCC_LG.gif\" type=\"image\" \/><\/p>\n<form style=\"line-height: 0px;\" action=\"https:\/\/www.paypal.com\/cgi-bin\/webscr\" method=\"post\" target=\"_top\">\n<hr \/>\n<p><img loading=\"lazy\" decoding=\"async\" src=\"https:\/\/www.paypalobjects.com\/en_US\/i\/scr\/pixel.gif\" alt=\"\" width=\"1\" height=\"1\" border=\"0\" \/><\/p>\n<\/form>\n<\/td>\n<\/tr>\n<tr>\n<td style=\"width: 1330px;\">\n<div style=\"font-size: medium;\"><\/div>\n<form style=\"line-height: 0px;\" action=\"https:\/\/www.paypal.com\/cgi-bin\/webscr\" method=\"post\" target=\"_top\"><img loading=\"lazy\" decoding=\"async\" src=\"https:\/\/www.paypalobjects.com\/en_US\/i\/scr\/pixel.gif\" alt=\"\" width=\"1\" height=\"1\" border=\"0\" \/><\/form>\n<\/td>\n<\/tr>\n<tr>\n<td style=\"width: 1330px;\">\n<div style=\"font-size: medium;\">\n<p><strong><span style=\"text-decoration: underline;\">Energy cleaning<\/span><\/strong><span style=\"color: #ffffff;\">tarfs<\/span><\/p>\n<p><strong>Session Chf 200.-\u00a0<\/strong><br \/>\nincluding a remote energy health check and 1 month of remote cleaning<\/p>\n<\/div>\n<p><input alt=\"PayPal, le r\u00e9flexe s\u00e9curit\u00e9 pour payer en ligne\" name=\"submit\" src=\"https:\/\/www.paypalobjects.com\/fr_FR\/CH\/i\/btn\/btn_paynowCC_LG.gif\" type=\"image\" \/><\/p>\n<form style=\"line-height: 0;\" action=\"https:\/\/www.paypal.com\/cgi-bin\/webscr\" method=\"post\" target=\"_top\">\n<hr \/>\n<p><img loading=\"lazy\" decoding=\"async\" src=\"https:\/\/www.paypalobjects.com\/en_US\/i\/scr\/pixel.gif\" alt=\"\" width=\"1\" height=\"1\" border=\"0\" \/><\/p>\n<\/form>\n<\/td>\n<\/tr>\n<tr>\n<td style=\"width: 1330px;\">\n<div style=\"font-size: medium;\"><strong><u>Karmic healing <\/u><\/strong><\/div>\n<div style=\"font-size: medium;\"><strong>Session Chf 160.-<\/strong><br \/>\nincluding additional cleanings in the office, such as the elimination of life blockages, the cleaning of negative memories in the chakras, the wishes of incarnation&#8230; to be determined according to the assessment and the needs of each person.<\/div>\n<p><input alt=\"PayPal, le r\u00e9flexe s\u00e9curit\u00e9 pour payer en ligne\" name=\"submit\" src=\"https:\/\/www.paypalobjects.com\/fr_FR\/CH\/i\/btn\/btn_paynowCC_LG.gif\" type=\"image\" \/><\/p>\n<form style=\"line-height: 0;\" action=\"https:\/\/www.paypal.com\/cgi-bin\/webscr\" method=\"post\" target=\"_top\">\n<hr \/>\n<p><img loading=\"lazy\" decoding=\"async\" src=\"https:\/\/www.paypalobjects.com\/en_US\/i\/scr\/pixel.gif\" alt=\"\" width=\"1\" height=\"1\" border=\"0\" \/><\/p>\n<\/form>\n<\/td>\n<\/tr>\n<tr>\n<td style=\"width: 1330px;\">\n<div style=\"font-size: medium;\">\n<p><span style=\"text-decoration: underline;\"><strong>Past life regression:<\/strong><\/span><\/p>\n<p><strong>Session Chf 100.-<\/strong>\u00a0 <strong>par heure<\/strong>. Session of 1h30 minimum, up to 3 hours on average.<\/p>\n<p>Each session being different, the long sessions generally include: reading of one or more past lives in correlation with the current situation, guided regression into a past life and prenatal regression (right into the mother&#8217;s womb). Chakra balancing, aura harmonization and cleansing of Akashic memories.<\/p>\n<\/div>\n<hr \/>\n<\/td>\n<\/tr>\n<tr>\n<td style=\"width: 1330px;\">\n<div style=\"font-size: medium;\"><span style=\"text-decoration: underline;\"><br \/>\n<strong>Reconnection<\/strong><strong>\u00ae<\/strong> personal:<br \/>\n<\/span><br \/>\n<strong>Two sessions Chf 333.-<\/strong> (this price is the same all over the world). Duration: 1 hour per session<\/div>\n<div><\/div>\n<\/td>\n<\/tr>\n<tr>\n<td style=\"width: 1330px;\">\n<div style=\"font-size: medium;\">\n<hr \/>\n<p><span style=\"text-decoration: underline;\"><strong>Reconnective healing\u00ae:<\/strong><\/span><\/p>\n<p><strong>One Session Chf 120.-<\/strong> Duration: 1 hour<\/p>\n<\/div>\n<p><input alt=\"PayPal, le r\u00e9flexe s\u00e9curit\u00e9 pour payer en ligne\" name=\"submit\" src=\"https:\/\/www.paypalobjects.com\/fr_FR\/CH\/i\/btn\/btn_paynowCC_LG.gif\" type=\"image\" \/><\/p>\n<form style=\"line-height: 0px;\" action=\"https:\/\/www.paypal.com\/cgi-bin\/webscr\" method=\"post\" target=\"_top\">\n<hr \/>\n<p><img loading=\"lazy\" decoding=\"async\" src=\"https:\/\/www.paypalobjects.com\/en_US\/i\/scr\/pixel.gif\" alt=\"\" width=\"1\" height=\"1\" border=\"0\" \/><\/p>\n<\/form>\n<\/td>\n<\/tr>\n<tr>\n<td style=\"width: 1330px;\">\n<div style=\"font-size: medium;\">\n<p><span style=\"text-decoration: underline;\"><strong>Energy cleaning of an apartment\/house,land:<\/strong><\/span><\/p>\n<p>A distance: <strong>Chf 160.-<\/strong><\/p>\n<\/div>\n<p>At home: depends on m2 and transport costs. Evaluation on request.<\/p>\n<form style=\"line-height: 0px;\" action=\"https:\/\/www.paypal.com\/cgi-bin\/webscr\" method=\"post\" target=\"_top\"><input name=\"cmd\" type=\"hidden\" value=\"_s-xclick\" \/><br \/>\n<input name=\"hosted_button_id\" type=\"hidden\" value=\"SNV4HRRCNTZEW\" \/><br \/>\n<input alt=\"PayPal, le r\u00e9flexe s\u00e9curit\u00e9 pour payer en ligne\" name=\"submit\" src=\"https:\/\/www.paypalobjects.com\/fr_FR\/CH\/i\/btn\/btn_paynowCC_LG.gif\" type=\"image\" \/><\/p>\n<hr \/>\n<p><img loading=\"lazy\" decoding=\"async\" src=\"https:\/\/www.paypalobjects.com\/en_US\/i\/scr\/pixel.gif\" alt=\"\" width=\"1\" height=\"1\" border=\"0\" \/><\/p>\n<\/form>\n<\/td>\n<\/tr>\n<tr>\n<td style=\"width: 1330px;\">\n<div style=\"font-size: medium;\"><\/div>\n<\/td>\n<\/tr>\n<tr>\n<td>\n<div style=\"font-size: medium;\">\n<p><span style=\"text-decoration: underline;\"><strong>Mineral and heavy metal assessment with Oligoscan<\/strong><\/span><\/p>\n<p><strong>One Session Chf 130.-<\/strong>\u00a0Duration: 1 hour<\/p>\n<\/div>\n<p><input alt=\"PayPal, le r\u00e9flexe s\u00e9curit\u00e9 pour payer en ligne\" name=\"submit\" src=\"https:\/\/www.paypalobjects.com\/fr_FR\/CH\/i\/btn\/btn_paynowCC_LG.gif\" type=\"image\" \/><\/p>\n<form style=\"line-height: 0px;\" action=\"https:\/\/www.paypal.com\/cgi-bin\/webscr\" method=\"post\" target=\"_top\">\n<hr \/>\n<p><img loading=\"lazy\" decoding=\"async\" src=\"https:\/\/www.paypalobjects.com\/en_US\/i\/scr\/pixel.gif\" alt=\"\" width=\"1\" height=\"1\" border=\"0\" \/><\/p>\n<\/form>\n<\/td>\n<\/tr>\n<tr>\n<td>\n<div style=\"font-size: medium;\">\n<p><b><u>One month course of bowel cleansing<\/u><\/b><\/p>\n<p>1 month for <strong>Chf 468.-<\/strong><\/p>\n<hr \/>\n<\/div>\n<\/td>\n<\/tr>\n<tr>\n<td>\n<div style=\"font-size: medium;\">\n<p style=\"text-decoration: underline;\"><strong>Make a donation for specific care<\/strong><\/p>\n<\/div>\n<p><input alt=\"PayPal, le r\u00e9flexe s\u00e9curit\u00e9 pour payer en ligne\" name=\"submit\" src=\"https:\/\/www.paypalobjects.com\/fr_FR\/CH\/i\/btn\/btn_donateCC_LG.gif\" type=\"image\" \/><\/p>\n<form style=\"line-height: 0px;\" action=\"https:\/\/www.paypal.com\/cgi-bin\/webscr\" method=\"post\" target=\"_top\">\n<hr \/>\n<p><img loading=\"lazy\" decoding=\"async\" src=\"https:\/\/www.paypalobjects.com\/en_US\/i\/scr\/pixel.gif\" alt=\"\" width=\"1\" height=\"1\" border=\"0\" \/><\/p>\n<\/form>\n<\/td>\n<\/tr>\n<\/tbody>\n<\/table>\n<p>[\/vc_column_text][\/vc_column][\/vc_row]<\/p>\n<\/div>","protected":false},"excerpt":{"rendered":"<p>[vc_row][vc_column][vc_column_text] Bbioresonance\u00a0(ASCA therapist reimbursed by complementary insurance for these 2 methods; please inquire with your health insurance): Session Chf 160.- including a health check-up and a therapeutic session. Duration: 1h30 Energy cleaningtarfs Session Chf 200.-\u00a0 including a remote energy health check and 1 month of remote cleaning Karmic healing Session Chf 160.- including additional cleanings [&hellip;]<\/p>\n","protected":false},"author":1,"featured_media":0,"parent":0,"menu_order":2,"comment_status":"closed","ping_status":"closed","template":"","meta":{"_monsterinsights_skip_tracking":false,"_monsterinsights_sitenote_active":false,"_monsterinsights_sitenote_note":"","_monsterinsights_sitenote_category":0,"_uf_show_specific_survey":0,"_uf_disable_surveys":false,"footnotes":""},"class_list":["post-1725","page","type-page","status-publish","hentry"],"yoast_head":"<!-- This site is optimized with the Yoast SEO Premium plugin v22.3 (Yoast SEO v26.6) - https:\/\/yoast.com\/wordpress\/plugins\/seo\/ -->\n<title>Tarifs | www.therapiesenergetiques.ch<\/title>\n<meta name=\"description\" content=\"Les tarifs pour une s\u00e9ance de biofeedback comprennent un bilan \u00e9nerg\u00e9tique et une session d&#039;harmonisation des \u00e9nergies. Dur\u00e9e 1h30 \u00e0 Chf 140.- Tarif pour 5 s\u00e9ances aussi disponible.\" \/>\n<meta name=\"robots\" content=\"index, follow, max-snippet:-1, max-image-preview:large, max-video-preview:-1\" \/>\n<link rel=\"canonical\" href=\"https:\/\/therapiesenergetiques.ch\/en\/tarifs\/\" \/>\n<meta property=\"og:locale\" content=\"en_US\" \/>\n<meta property=\"og:type\" content=\"article\" \/>\n<meta property=\"og:title\" content=\"Prices\" \/>\n<meta property=\"og:description\" content=\"Les tarifs pour une s\u00e9ance de biofeedback comprennent un bilan \u00e9nerg\u00e9tique et une session d&#039;harmonisation des \u00e9nergies. Dur\u00e9e 1h30 \u00e0 Chf 140.- Tarif pour 5 s\u00e9ances aussi disponible.\" \/>\n<meta property=\"og:url\" content=\"https:\/\/therapiesenergetiques.ch\/en\/tarifs\/\" \/>\n<meta property=\"og:site_name\" content=\"THERAPIES ENERGETIQUES\" \/>\n<meta property=\"article:publisher\" content=\"https:\/\/www.facebook.com\/laurence.leon.56\" \/>\n<meta property=\"article:modified_time\" content=\"2024-05-15T17:44:02+00:00\" \/>\n<meta property=\"og:image\" content=\"https:\/\/www.paypalobjects.com\/en_US\/i\/scr\/pixel.gif\" \/>\n<meta name=\"twitter:label1\" content=\"Est. reading time\" \/>\n\t<meta name=\"twitter:data1\" content=\"2 minutes\" \/>\n<script type=\"application\/ld+json\" class=\"yoast-schema-graph\">{\"@context\":\"https:\/\/schema.org\",\"@graph\":[{\"@type\":\"WebPage\",\"@id\":\"https:\/\/therapiesenergetiques.ch\/en\/tarifs\/\",\"url\":\"https:\/\/therapiesenergetiques.ch\/en\/tarifs\/\",\"name\":\"Tarifs | www.therapiesenergetiques.ch\",\"isPartOf\":{\"@id\":\"https:\/\/therapiesenergetiques.ch\/#website\"},\"primaryImageOfPage\":{\"@id\":\"https:\/\/therapiesenergetiques.ch\/en\/tarifs\/#primaryimage\"},\"image\":{\"@id\":\"https:\/\/therapiesenergetiques.ch\/en\/tarifs\/#primaryimage\"},\"thumbnailUrl\":\"https:\/\/www.paypalobjects.com\/en_US\/i\/scr\/pixel.gif\",\"datePublished\":\"2013-09-24T06:37:32+00:00\",\"dateModified\":\"2024-05-15T17:44:02+00:00\",\"description\":\"Les tarifs pour une s\u00e9ance de biofeedback comprennent un bilan \u00e9nerg\u00e9tique et une session d'harmonisation des \u00e9nergies. Dur\u00e9e 1h30 \u00e0 Chf 140.- Tarif pour 5 s\u00e9ances aussi disponible.\",\"inLanguage\":\"en-US\",\"potentialAction\":[{\"@type\":\"ReadAction\",\"target\":[\"https:\/\/therapiesenergetiques.ch\/en\/tarifs\/\"]}]},{\"@type\":\"ImageObject\",\"inLanguage\":\"en-US\",\"@id\":\"https:\/\/therapiesenergetiques.ch\/en\/tarifs\/#primaryimage\",\"url\":\"https:\/\/www.paypalobjects.com\/en_US\/i\/scr\/pixel.gif\",\"contentUrl\":\"https:\/\/www.paypalobjects.com\/en_US\/i\/scr\/pixel.gif\"},{\"@type\":\"WebSite\",\"@id\":\"https:\/\/therapiesenergetiques.ch\/#website\",\"url\":\"https:\/\/therapiesenergetiques.ch\/\",\"name\":\"THERAPIES ENERGETIQUES\",\"description\":\"Bior\u00e9sonance, gu\u00e9rison spirituelle, reconnection\",\"publisher\":{\"@id\":\"https:\/\/therapiesenergetiques.ch\/#organization\"},\"potentialAction\":[{\"@type\":\"SearchAction\",\"target\":{\"@type\":\"EntryPoint\",\"urlTemplate\":\"https:\/\/therapiesenergetiques.ch\/?s={search_term_string}\"},\"query-input\":{\"@type\":\"PropertyValueSpecification\",\"valueRequired\":true,\"valueName\":\"search_term_string\"}}],\"inLanguage\":\"en-US\"},{\"@type\":\"Organization\",\"@id\":\"https:\/\/therapiesenergetiques.ch\/#organization\",\"name\":\"THERAPIES ENERGETIQUES\",\"url\":\"https:\/\/therapiesenergetiques.ch\/\",\"logo\":{\"@type\":\"ImageObject\",\"inLanguage\":\"en-US\",\"@id\":\"https:\/\/therapiesenergetiques.ch\/#\/schema\/logo\/image\/\",\"url\":\"https:\/\/therapiesenergetiques.ch\/wp-content\/uploads\/2022\/10\/Energetic-therapies-THERAPIES-ENERGETIQUES.png\",\"contentUrl\":\"https:\/\/therapiesenergetiques.ch\/wp-content\/uploads\/2022\/10\/Energetic-therapies-THERAPIES-ENERGETIQUES.png\",\"width\":638,\"height\":153,\"caption\":\"THERAPIES ENERGETIQUES\"},\"image\":{\"@id\":\"https:\/\/therapiesenergetiques.ch\/#\/schema\/logo\/image\/\"},\"sameAs\":[\"https:\/\/www.facebook.com\/laurence.leon.56\",\"https:\/\/www.linkedin.com\/in\/laurence-lon-0532b81\/\"]}]}<\/script>\n<!-- \/ Yoast SEO Premium plugin. -->","yoast_head_json":{"title":"Tarifs | www.therapiesenergetiques.ch","description":"Les tarifs pour une s\u00e9ance de biofeedback comprennent un bilan \u00e9nerg\u00e9tique et une session d'harmonisation des \u00e9nergies. Dur\u00e9e 1h30 \u00e0 Chf 140.- Tarif pour 5 s\u00e9ances aussi disponible.","robots":{"index":"index","follow":"follow","max-snippet":"max-snippet:-1","max-image-preview":"max-image-preview:large","max-video-preview":"max-video-preview:-1"},"canonical":"https:\/\/therapiesenergetiques.ch\/en\/tarifs\/","og_locale":"en_US","og_type":"article","og_title":"Prices","og_description":"Les tarifs pour une s\u00e9ance de biofeedback comprennent un bilan \u00e9nerg\u00e9tique et une session d'harmonisation des \u00e9nergies. Dur\u00e9e 1h30 \u00e0 Chf 140.- Tarif pour 5 s\u00e9ances aussi disponible.","og_url":"https:\/\/therapiesenergetiques.ch\/en\/tarifs\/","og_site_name":"THERAPIES ENERGETIQUES","article_publisher":"https:\/\/www.facebook.com\/laurence.leon.56","article_modified_time":"2024-05-15T17:44:02+00:00","og_image":[{"url":"https:\/\/www.paypalobjects.com\/en_US\/i\/scr\/pixel.gif","type":"","width":"","height":""}],"twitter_misc":{"Est. reading time":"2 minutes"},"schema":{"@context":"https:\/\/schema.org","@graph":[{"@type":"WebPage","@id":"https:\/\/therapiesenergetiques.ch\/en\/tarifs\/","url":"https:\/\/therapiesenergetiques.ch\/en\/tarifs\/","name":"Tarifs | www.therapiesenergetiques.ch","isPartOf":{"@id":"https:\/\/therapiesenergetiques.ch\/#website"},"primaryImageOfPage":{"@id":"https:\/\/therapiesenergetiques.ch\/en\/tarifs\/#primaryimage"},"image":{"@id":"https:\/\/therapiesenergetiques.ch\/en\/tarifs\/#primaryimage"},"thumbnailUrl":"https:\/\/www.paypalobjects.com\/en_US\/i\/scr\/pixel.gif","datePublished":"2013-09-24T06:37:32+00:00","dateModified":"2024-05-15T17:44:02+00:00","description":"Les tarifs pour une s\u00e9ance de biofeedback comprennent un bilan \u00e9nerg\u00e9tique et une session d'harmonisation des \u00e9nergies. Dur\u00e9e 1h30 \u00e0 Chf 140.- Tarif pour 5 s\u00e9ances aussi disponible.","inLanguage":"en-US","potentialAction":[{"@type":"ReadAction","target":["https:\/\/therapiesenergetiques.ch\/en\/tarifs\/"]}]},{"@type":"ImageObject","inLanguage":"en-US","@id":"https:\/\/therapiesenergetiques.ch\/en\/tarifs\/#primaryimage","url":"https:\/\/www.paypalobjects.com\/en_US\/i\/scr\/pixel.gif","contentUrl":"https:\/\/www.paypalobjects.com\/en_US\/i\/scr\/pixel.gif"},{"@type":"WebSite","@id":"https:\/\/therapiesenergetiques.ch\/#website","url":"https:\/\/therapiesenergetiques.ch\/","name":"THERAPIES ENERGETIQUES","description":"Bior\u00e9sonance, gu\u00e9rison spirituelle, reconnection","publisher":{"@id":"https:\/\/therapiesenergetiques.ch\/#organization"},"potentialAction":[{"@type":"SearchAction","target":{"@type":"EntryPoint","urlTemplate":"https:\/\/therapiesenergetiques.ch\/?s={search_term_string}"},"query-input":{"@type":"PropertyValueSpecification","valueRequired":true,"valueName":"search_term_string"}}],"inLanguage":"en-US"},{"@type":"Organization","@id":"https:\/\/therapiesenergetiques.ch\/#organization","name":"THERAPIES ENERGETIQUES","url":"https:\/\/therapiesenergetiques.ch\/","logo":{"@type":"ImageObject","inLanguage":"en-US","@id":"https:\/\/therapiesenergetiques.ch\/#\/schema\/logo\/image\/","url":"https:\/\/therapiesenergetiques.ch\/wp-content\/uploads\/2022\/10\/Energetic-therapies-THERAPIES-ENERGETIQUES.png","contentUrl":"https:\/\/therapiesenergetiques.ch\/wp-content\/uploads\/2022\/10\/Energetic-therapies-THERAPIES-ENERGETIQUES.png","width":638,"height":153,"caption":"THERAPIES ENERGETIQUES"},"image":{"@id":"https:\/\/therapiesenergetiques.ch\/#\/schema\/logo\/image\/"},"sameAs":["https:\/\/www.facebook.com\/laurence.leon.56","https:\/\/www.linkedin.com\/in\/laurence-lon-0532b81\/"]}]}},"_links":{"self":[{"href":"https:\/\/therapiesenergetiques.ch\/en\/wp-json\/wp\/v2\/pages\/1725","targetHints":{"allow":["GET"]}}],"collection":[{"href":"https:\/\/therapiesenergetiques.ch\/en\/wp-json\/wp\/v2\/pages"}],"about":[{"href":"https:\/\/therapiesenergetiques.ch\/en\/wp-json\/wp\/v2\/types\/page"}],"author":[{"embeddable":true,"href":"https:\/\/therapiesenergetiques.ch\/en\/wp-json\/wp\/v2\/users\/1"}],"replies":[{"embeddable":true,"href":"https:\/\/therapiesenergetiques.ch\/en\/wp-json\/wp\/v2\/comments?post=1725"}],"version-history":[{"count":2,"href":"https:\/\/therapiesenergetiques.ch\/en\/wp-json\/wp\/v2\/pages\/1725\/revisions"}],"predecessor-version":[{"id":1777,"href":"https:\/\/therapiesenergetiques.ch\/en\/wp-json\/wp\/v2\/pages\/1725\/revisions\/1777"}],"wp:attachment":[{"href":"https:\/\/therapiesenergetiques.ch\/en\/wp-json\/wp\/v2\/media?parent=1725"}],"curies":[{"name":"wp","href":"https:\/\/api.w.org\/{rel}","templated":true}]}}