{"id":1724,"date":"2013-09-24T07:37:55","date_gmt":"2013-09-24T06:37:55","guid":{"rendered":"https:\/\/therapiesenergetiques.ch\/livres-videos\/"},"modified":"2024-05-15T19:05:56","modified_gmt":"2024-05-15T18:05:56","slug":"livres-videos","status":"publish","type":"page","link":"https:\/\/therapiesenergetiques.ch\/en\/livres-videos\/","title":{"rendered":"Books"},"content":{"rendered":"<div class=\"wpb-content-wrapper\"><p>[vc_row][vc_column][vc_column_text]<\/p>\n<p style=\"text-align: left;\"><span style=\"font-size: medium;\"><strong>Here are some books that I suggest you read on different subjects:<br \/>\n<\/strong><\/span><\/p>\n<p style=\"text-align: center;\"><span style=\"font-size: medium;\"><strong>La Reconnection, Dr Eric Pearl.<\/strong> A fascinating book which explains how he came to teach Reconnection.<\/span><\/p>\n<p style=\"text-align: center;\"><span style=\"font-size: medium;\">***************************<\/span><\/p>\n<p style=\"text-align: center;\"><span style=\"font-size: medium;\"><strong>Transurfing, by Vadim Zeland,<\/strong> a Russian quantum physicist, appeared in Russia where he enjoyed phenomenal success before being released on all continents and in many countries.<\/span><\/p>\n<p style=\"text-align: center;\"><span style=\"font-size: medium;\">This concept integrates the most recent data from quantum physics and builds a model restoring to man the ability to direct his life. All of this constitutes within Transurfing a remarkable tool, concrete, pragmatic and easily usable by everyone. Transurfing &#8211; it&#8217;s the art and science of managing your &#8216;personal line&#8217; of life.<\/span><\/p>\n<p style=\"text-align: center;\"><span style=\"font-size: medium;\">************************<\/span><\/p>\n<p style=\"text-align: center;\"><span style=\"font-size: medium;\"><strong>Healing is Voltage, Jerry Tennant<\/strong>. This book is about cell regeneration. For example, our skin regenerates every 6 weeks and our liver every 8 weeks. Chronic illnesses occur when our body loses the ability to make new cells. This book is about how it appears and what to do to correct it.<\/span><\/p>\n<p style=\"text-align: center;\"><span style=\"font-size: medium;\">**************************<\/span><\/p>\n<p style=\"text-align: center;\"><span style=\"font-size: medium;\"><strong>The key, G\u00e9rard de Combat<\/strong>. A guide to discovering yourself and the meaning of your presence on earth, with practical tools and exercises to move forward effectively in your search for yourself.<\/span><\/p>\n<p style=\"text-align: center;\"><span style=\"font-size: medium;\">**************************<\/span><\/p>\n<p style=\"text-align: center;\"><span style=\"font-size: medium;\"><strong>Un cerveau \u00e0 100%, Dr Eric Braverman.<\/strong>\u00a0 Ce livre explique comment l&#8217;impact ph\u00e9nom\u00e9nal de la nutrition optimale de votre cerveau sur votre sant\u00e9.<\/span><\/p>\n<p style=\"text-align: center;\"><span style=\"font-size: medium;\">**************************<\/span><\/p>\n<p style=\"text-align: center;\"><span style=\"font-size: medium;\"><strong>La Bio\u00e9lectronique de Vincent, Roger Castell<\/strong>. Ce livre permet de d\u00e9terminer l&#8217;\u00e9tat de sant\u00e9 des \u00eatres vivants, appr\u00e9cier la nature des produits utilisables en vue d&#8217;assurer la restauration de la sant\u00e9 et conna\u00eetre la qualit\u00e9 des aliments, boissons, produits d&#8217;hygi\u00e8ne&#8230;<\/span><\/p>\n<p style=\"text-align: center;\"><span style=\"font-size: medium;\">***************************<\/span><\/p>\n<p style=\"text-align: center;\"><span style=\"font-size: medium;\"><strong>The Divine Matrix, Gregg Braden<\/strong>. A book about quantum physics and our unlimited possibilities&#8230;how can we free ourselves from our conditioning?<\/span><\/p>\n<p style=\"text-align: center;\"><span style=\"font-size: medium;\">***************************<\/span><\/p>\n<p style=\"text-align: center;\"><span style=\"font-size: medium;\"><strong>Matrix energetics, Richard Bartlett<\/strong>. Still on the principles of quantum physics with an approach to healing and the basics of energy medicine.<\/span><\/p>\n<p style=\"text-align: center;\"><span style=\"font-size: medium;\">*************************<\/span><\/p>\n<p style=\"text-align: center;\"><span style=\"font-size: medium;\"><strong>The Cure of all diseases, Dr Hulda Regehr Clark.<\/strong> If you want to do seasonal cleansing of your different organs (liver, intestines, kidneys, etc.).<\/span><\/p>\n<p style=\"text-align: center;\"><span style=\"font-size: medium;\">***************************<\/span><\/p>\n<p style=\"text-align: center;\"><span style=\"font-size: medium;\"><strong>The great dictionary of discomforts and diseases, by Jacques Martel.<\/strong> An essential dictionary for awareness of the conflict at the origin of illness. 800 ailments and illnesses are listed there.<br \/>\n<\/span><\/p>\n<p style=\"text-align: center;\"><span style=\"font-size: medium;\">*************************<\/span><\/p>\n<p style=\"text-align: center;\"><span style=\"font-size: medium;\"><strong>Dr. Deepak Chopra&#8217;s Quantum Body.<\/strong> A book on the latest discoveries in quantum physics and the approach to illness and mind-body interaction.<\/span><\/p>\n<p style=\"text-align: center;\"><span style=\"font-size: medium;\">***************************<\/span><\/p>\n<p style=\"text-align: center;\"><span style=\"font-size: medium;\"><strong>Practice of the Gerson and Kelley cure, Michel Dogna<\/strong>. The ultimate fruit juice cure for all kinds of benefits!<\/span><\/p>\n<p style=\"text-align: center;\"><span style=\"font-size: medium;\">***************************<\/span><\/p>\n<p style=\"text-align: center;\"><span style=\"font-size: medium;\"><strong>Families of souls, Marie Lise Labont\u00e9<\/strong>. This book allows you to discover the 12 soul families and identify which soul family you belong to and the position you occupy within it.<\/span><\/p>\n<p style=\"text-align: center;\"><span style=\"font-size: medium;\">***************************<\/span><\/p>\n<p style=\"text-align: center;\"><span style=\"font-size: medium;\"><strong>The quantum link (the bond), Lynne Mc Taggart\u00a0<\/strong>about the essential impulse to connect with others and our ability to see ourselves as part of the whole.<\/span><\/p>\n<p style=\"text-align: center;\"><span style=\"font-size: medium;\">**************************<\/span><\/p>\n<p>[\/vc_column_text][\/vc_column][\/vc_row]<\/p>\n<\/div>","protected":false},"excerpt":{"rendered":"<p>[vc_row][vc_column][vc_column_text] Here are some books that I suggest you read on different subjects: La Reconnection, Dr Eric Pearl. A fascinating book which explains how he came to teach Reconnection. *************************** Transurfing, by Vadim Zeland, a Russian quantum physicist, appeared in Russia where he enjoyed phenomenal success before being released on all continents and in many [&hellip;]<\/p>\n","protected":false},"author":1,"featured_media":0,"parent":0,"menu_order":7,"comment_status":"closed","ping_status":"closed","template":"","meta":{"_monsterinsights_skip_tracking":false,"_monsterinsights_sitenote_active":false,"_monsterinsights_sitenote_note":"","_monsterinsights_sitenote_category":0,"_uf_show_specific_survey":0,"_uf_disable_surveys":false,"footnotes":""},"class_list":["post-1724","page","type-page","status-publish","hentry"],"yoast_head":"<!-- This site is optimized with the Yoast SEO Premium plugin v22.3 (Yoast SEO v26.6) - https:\/\/yoast.com\/wordpress\/plugins\/seo\/ -->\n<title>Books - THERAPIES ENERGETIQUES<\/title>\n<meta name=\"description\" content=\"Livres recommand\u00e9s sur diff\u00e9rents sujets permettant d&#039;\u00e9claircir la bior\u00e9sonance et le biofeedback bas\u00e9s sur la m\u00e9decine quantique. Voir les autres sujets...\" \/>\n<meta name=\"robots\" content=\"index, follow, max-snippet:-1, max-image-preview:large, max-video-preview:-1\" \/>\n<link rel=\"canonical\" href=\"https:\/\/therapiesenergetiques.ch\/en\/livres-videos\/\" \/>\n<meta property=\"og:locale\" content=\"en_US\" \/>\n<meta property=\"og:type\" content=\"article\" \/>\n<meta property=\"og:title\" content=\"Books\" \/>\n<meta property=\"og:description\" content=\"Livres recommand\u00e9s sur diff\u00e9rents sujets permettant d&#039;\u00e9claircir la bior\u00e9sonance et le biofeedback bas\u00e9s sur la m\u00e9decine quantique. Voir les autres sujets...\" \/>\n<meta property=\"og:url\" content=\"https:\/\/therapiesenergetiques.ch\/en\/livres-videos\/\" \/>\n<meta property=\"og:site_name\" content=\"THERAPIES ENERGETIQUES\" \/>\n<meta property=\"article:publisher\" content=\"https:\/\/www.facebook.com\/laurence.leon.56\" \/>\n<meta property=\"article:modified_time\" content=\"2024-05-15T18:05:56+00:00\" \/>\n<meta name=\"twitter:label1\" content=\"Est. reading time\" \/>\n\t<meta name=\"twitter:data1\" content=\"3 minutes\" \/>\n<script type=\"application\/ld+json\" class=\"yoast-schema-graph\">{\"@context\":\"https:\/\/schema.org\",\"@graph\":[{\"@type\":\"WebPage\",\"@id\":\"https:\/\/therapiesenergetiques.ch\/en\/livres-videos\/\",\"url\":\"https:\/\/therapiesenergetiques.ch\/en\/livres-videos\/\",\"name\":\"Books - THERAPIES ENERGETIQUES\",\"isPartOf\":{\"@id\":\"https:\/\/therapiesenergetiques.ch\/#website\"},\"datePublished\":\"2013-09-24T06:37:55+00:00\",\"dateModified\":\"2024-05-15T18:05:56+00:00\",\"description\":\"Livres recommand\u00e9s sur diff\u00e9rents sujets permettant d'\u00e9claircir la bior\u00e9sonance et le biofeedback bas\u00e9s sur la m\u00e9decine quantique. Voir les autres sujets...\",\"inLanguage\":\"en-US\",\"potentialAction\":[{\"@type\":\"ReadAction\",\"target\":[\"https:\/\/therapiesenergetiques.ch\/en\/livres-videos\/\"]}]},{\"@type\":\"WebSite\",\"@id\":\"https:\/\/therapiesenergetiques.ch\/#website\",\"url\":\"https:\/\/therapiesenergetiques.ch\/\",\"name\":\"THERAPIES ENERGETIQUES\",\"description\":\"Bior\u00e9sonance, gu\u00e9rison spirituelle, reconnection\",\"publisher\":{\"@id\":\"https:\/\/therapiesenergetiques.ch\/#organization\"},\"potentialAction\":[{\"@type\":\"SearchAction\",\"target\":{\"@type\":\"EntryPoint\",\"urlTemplate\":\"https:\/\/therapiesenergetiques.ch\/?s={search_term_string}\"},\"query-input\":{\"@type\":\"PropertyValueSpecification\",\"valueRequired\":true,\"valueName\":\"search_term_string\"}}],\"inLanguage\":\"en-US\"},{\"@type\":\"Organization\",\"@id\":\"https:\/\/therapiesenergetiques.ch\/#organization\",\"name\":\"THERAPIES ENERGETIQUES\",\"url\":\"https:\/\/therapiesenergetiques.ch\/\",\"logo\":{\"@type\":\"ImageObject\",\"inLanguage\":\"en-US\",\"@id\":\"https:\/\/therapiesenergetiques.ch\/#\/schema\/logo\/image\/\",\"url\":\"https:\/\/therapiesenergetiques.ch\/wp-content\/uploads\/2022\/10\/Energetic-therapies-THERAPIES-ENERGETIQUES.png\",\"contentUrl\":\"https:\/\/therapiesenergetiques.ch\/wp-content\/uploads\/2022\/10\/Energetic-therapies-THERAPIES-ENERGETIQUES.png\",\"width\":638,\"height\":153,\"caption\":\"THERAPIES ENERGETIQUES\"},\"image\":{\"@id\":\"https:\/\/therapiesenergetiques.ch\/#\/schema\/logo\/image\/\"},\"sameAs\":[\"https:\/\/www.facebook.com\/laurence.leon.56\",\"https:\/\/www.linkedin.com\/in\/laurence-lon-0532b81\/\"]}]}<\/script>\n<!-- \/ Yoast SEO Premium plugin. -->","yoast_head_json":{"title":"Books - THERAPIES ENERGETIQUES","description":"Livres recommand\u00e9s sur diff\u00e9rents sujets permettant d'\u00e9claircir la bior\u00e9sonance et le biofeedback bas\u00e9s sur la m\u00e9decine quantique. Voir les autres sujets...","robots":{"index":"index","follow":"follow","max-snippet":"max-snippet:-1","max-image-preview":"max-image-preview:large","max-video-preview":"max-video-preview:-1"},"canonical":"https:\/\/therapiesenergetiques.ch\/en\/livres-videos\/","og_locale":"en_US","og_type":"article","og_title":"Books","og_description":"Livres recommand\u00e9s sur diff\u00e9rents sujets permettant d'\u00e9claircir la bior\u00e9sonance et le biofeedback bas\u00e9s sur la m\u00e9decine quantique. Voir les autres sujets...","og_url":"https:\/\/therapiesenergetiques.ch\/en\/livres-videos\/","og_site_name":"THERAPIES ENERGETIQUES","article_publisher":"https:\/\/www.facebook.com\/laurence.leon.56","article_modified_time":"2024-05-15T18:05:56+00:00","twitter_misc":{"Est. reading time":"3 minutes"},"schema":{"@context":"https:\/\/schema.org","@graph":[{"@type":"WebPage","@id":"https:\/\/therapiesenergetiques.ch\/en\/livres-videos\/","url":"https:\/\/therapiesenergetiques.ch\/en\/livres-videos\/","name":"Books - THERAPIES ENERGETIQUES","isPartOf":{"@id":"https:\/\/therapiesenergetiques.ch\/#website"},"datePublished":"2013-09-24T06:37:55+00:00","dateModified":"2024-05-15T18:05:56+00:00","description":"Livres recommand\u00e9s sur diff\u00e9rents sujets permettant d'\u00e9claircir la bior\u00e9sonance et le biofeedback bas\u00e9s sur la m\u00e9decine quantique. Voir les autres sujets...","inLanguage":"en-US","potentialAction":[{"@type":"ReadAction","target":["https:\/\/therapiesenergetiques.ch\/en\/livres-videos\/"]}]},{"@type":"WebSite","@id":"https:\/\/therapiesenergetiques.ch\/#website","url":"https:\/\/therapiesenergetiques.ch\/","name":"THERAPIES ENERGETIQUES","description":"Bior\u00e9sonance, gu\u00e9rison spirituelle, reconnection","publisher":{"@id":"https:\/\/therapiesenergetiques.ch\/#organization"},"potentialAction":[{"@type":"SearchAction","target":{"@type":"EntryPoint","urlTemplate":"https:\/\/therapiesenergetiques.ch\/?s={search_term_string}"},"query-input":{"@type":"PropertyValueSpecification","valueRequired":true,"valueName":"search_term_string"}}],"inLanguage":"en-US"},{"@type":"Organization","@id":"https:\/\/therapiesenergetiques.ch\/#organization","name":"THERAPIES ENERGETIQUES","url":"https:\/\/therapiesenergetiques.ch\/","logo":{"@type":"ImageObject","inLanguage":"en-US","@id":"https:\/\/therapiesenergetiques.ch\/#\/schema\/logo\/image\/","url":"https:\/\/therapiesenergetiques.ch\/wp-content\/uploads\/2022\/10\/Energetic-therapies-THERAPIES-ENERGETIQUES.png","contentUrl":"https:\/\/therapiesenergetiques.ch\/wp-content\/uploads\/2022\/10\/Energetic-therapies-THERAPIES-ENERGETIQUES.png","width":638,"height":153,"caption":"THERAPIES ENERGETIQUES"},"image":{"@id":"https:\/\/therapiesenergetiques.ch\/#\/schema\/logo\/image\/"},"sameAs":["https:\/\/www.facebook.com\/laurence.leon.56","https:\/\/www.linkedin.com\/in\/laurence-lon-0532b81\/"]}]}},"_links":{"self":[{"href":"https:\/\/therapiesenergetiques.ch\/en\/wp-json\/wp\/v2\/pages\/1724","targetHints":{"allow":["GET"]}}],"collection":[{"href":"https:\/\/therapiesenergetiques.ch\/en\/wp-json\/wp\/v2\/pages"}],"about":[{"href":"https:\/\/therapiesenergetiques.ch\/en\/wp-json\/wp\/v2\/types\/page"}],"author":[{"embeddable":true,"href":"https:\/\/therapiesenergetiques.ch\/en\/wp-json\/wp\/v2\/users\/1"}],"replies":[{"embeddable":true,"href":"https:\/\/therapiesenergetiques.ch\/en\/wp-json\/wp\/v2\/comments?post=1724"}],"version-history":[{"count":2,"href":"https:\/\/therapiesenergetiques.ch\/en\/wp-json\/wp\/v2\/pages\/1724\/revisions"}],"predecessor-version":[{"id":1790,"href":"https:\/\/therapiesenergetiques.ch\/en\/wp-json\/wp\/v2\/pages\/1724\/revisions\/1790"}],"wp:attachment":[{"href":"https:\/\/therapiesenergetiques.ch\/en\/wp-json\/wp\/v2\/media?parent=1724"}],"curies":[{"name":"wp","href":"https:\/\/api.w.org\/{rel}","templated":true}]}}