{"id":1723,"date":"2013-09-24T07:38:30","date_gmt":"2013-09-24T06:38:30","guid":{"rendered":"https:\/\/therapiesenergetiques.ch\/contact\/"},"modified":"2024-05-16T16:10:05","modified_gmt":"2024-05-16T15:10:05","slug":"contact","status":"publish","type":"page","link":"https:\/\/therapiesenergetiques.ch\/en\/contact\/","title":{"rendered":"Contact"},"content":{"rendered":"<div class=\"wpb-content-wrapper\"><p>[vc_row][vc_column][vc_column_text]To make your appointment, please contact me:<br \/>\n[\/vc_column_text][\/vc_column][\/vc_row][vc_row equal_height=&#8221;yes&#8221;][vc_column width=&#8221;1\/2&#8243;][vc_column_text]<strong>Laurence L\u00e9on Racine<\/strong><br \/>\n<strong>Mobile: 079\/ 732 20 18<\/strong><br \/>\n<span style=\"text-decoration: underline;\"><a href=\"mailto:info@therapiesenergetiques.ch\"><strong>info@therapiesenergetiques.ch<\/strong><\/a><\/span><\/p>\n<p><strong>By appointment at:<\/strong><br \/>\n<strong>Centre Wellness &amp; Sant\u00e9 d\u2019Apples,<\/strong><br \/>\n<strong>Route de Bi\u00e8re 4, 1143 Apples (5 kms de Morges)<\/strong><\/p>\n<p>ET<\/p>\n<p><strong>Cabinet Th\u00e9rapies \u00e9nerg\u00e9tiques<\/strong><br \/>\n<strong>Chemin du Chermiaux 48, 1806 St-L\u00e9gier-La-Chi\u00e9saz (4 kms de Vevey)<\/strong>[\/vc_column_text][\/vc_column][vc_column width=&#8221;1\/2&#8243;]\n<div class=\"wpcf7 no-js\" id=\"wpcf7-f1351-o1\" lang=\"fr-FR\" dir=\"ltr\" data-wpcf7-id=\"1351\">\n<div class=\"screen-reader-response\"><p role=\"status\" aria-live=\"polite\" aria-atomic=\"true\"><\/p> <ul><\/ul><\/div>\n<form action=\"\/en\/wp-json\/wp\/v2\/pages\/1723#wpcf7-f1351-o1\" method=\"post\" class=\"wpcf7-form init\" aria-label=\"Formulaire de contact\" novalidate=\"novalidate\" data-status=\"init\">\n<fieldset class=\"hidden-fields-container\"><input type=\"hidden\" name=\"_wpcf7\" value=\"1351\" \/><input type=\"hidden\" name=\"_wpcf7_version\" value=\"6.1.4\" \/><input type=\"hidden\" name=\"_wpcf7_locale\" value=\"fr_FR\" \/><input type=\"hidden\" name=\"_wpcf7_unit_tag\" value=\"wpcf7-f1351-o1\" \/><input type=\"hidden\" name=\"_wpcf7_container_post\" value=\"0\" \/><input type=\"hidden\" name=\"_wpcf7_posted_data_hash\" value=\"\" \/>\n<\/fieldset>\n<p>Your name (required)\n<\/p>\n<p><span class=\"wpcf7-form-control-wrap\" data-name=\"your-name\"><input size=\"40\" maxlength=\"400\" class=\"wpcf7-form-control wpcf7-text wpcf7-validates-as-required\" aria-required=\"true\" aria-invalid=\"false\" value=\"\" type=\"text\" name=\"your-name\" \/><\/span>\n<\/p>\n<p>Your email (required)\n<\/p>\n<p><span class=\"wpcf7-form-control-wrap\" data-name=\"your-email\"><input size=\"40\" maxlength=\"400\" class=\"wpcf7-form-control wpcf7-email wpcf7-validates-as-required wpcf7-text wpcf7-validates-as-email\" aria-required=\"true\" aria-invalid=\"false\" value=\"\" type=\"email\" name=\"your-email\" \/><\/span>\n<\/p>\n<p>Subject\n<\/p>\n<p><span class=\"wpcf7-form-control-wrap\" data-name=\"your-subject\"><input size=\"40\" maxlength=\"400\" class=\"wpcf7-form-control wpcf7-text\" aria-invalid=\"false\" value=\"\" type=\"text\" name=\"your-subject\" \/><\/span>\n<\/p>\n<p>Your message\n<\/p>\n<p><span class=\"wpcf7-form-control-wrap\" data-name=\"your-message\"><textarea cols=\"40\" rows=\"10\" maxlength=\"2000\" class=\"wpcf7-form-control wpcf7-textarea\" aria-invalid=\"false\" name=\"your-message\"><\/textarea><\/span>\n<\/p>\n<div id=\"cf7sr-69d59aca85424\" class=\"cf7sr-g-hcaptcha\" data-theme=\"light\" data-size=\"normal\" data-sitekey=\"3b201154-84fe-4bee-8424-e9263ec8be38\"><\/div><span class=\"wpcf7-form-control-wrap cf7sr-hcaptcha\" data-name=\"cf7sr-hcaptcha\"><input type=\"hidden\" name=\"cf7sr-hcaptcha\" value=\"\" class=\"wpcf7-form-control\"><\/span>\n<\/p>\n<p><input class=\"wpcf7-form-control wpcf7-submit has-spinner\" type=\"submit\" value=\"Submit\" \/>\n<\/p><p style=\"display: none !important;\" class=\"akismet-fields-container\" data-prefix=\"_wpcf7_ak_\"><label>&#916;<textarea name=\"_wpcf7_ak_hp_textarea\" cols=\"45\" rows=\"8\" maxlength=\"100\"><\/textarea><\/label><input type=\"hidden\" id=\"ak_js_1\" name=\"_wpcf7_ak_js\" value=\"78\"\/><script>document.getElementById( \"ak_js_1\" ).setAttribute( \"value\", ( new Date() ).getTime() );<\/script><\/p><div class=\"wpcf7-response-output\" aria-hidden=\"true\"><\/div>\n<\/form>\n<\/div>\n[\/vc_column][\/vc_row]<\/p>\n<\/div>","protected":false},"excerpt":{"rendered":"<p>[vc_row][vc_column][vc_column_text]To make your appointment, please contact me: [\/vc_column_text][\/vc_column][\/vc_row][vc_row equal_height=&#8221;yes&#8221;][vc_column width=&#8221;1\/2&#8243;][vc_column_text]Laurence L\u00e9on Racine Mobile: 079\/ 732 20 18 info@therapiesenergetiques.ch By appointment at: Centre Wellness &amp; Sant\u00e9 d\u2019Apples, Route de Bi\u00e8re 4, 1143 Apples (5 kms de Morges) ET Cabinet Th\u00e9rapies \u00e9nerg\u00e9tiques Chemin du Chermiaux 48, 1806 St-L\u00e9gier-La-Chi\u00e9saz (4 kms de Vevey)[\/vc_column_text][\/vc_column][vc_column width=&#8221;1\/2&#8243;][\/vc_column][\/vc_row]<\/p>\n","protected":false},"author":1,"featured_media":0,"parent":0,"menu_order":4,"comment_status":"closed","ping_status":"closed","template":"","meta":{"_monsterinsights_skip_tracking":false,"_monsterinsights_sitenote_active":false,"_monsterinsights_sitenote_note":"","_monsterinsights_sitenote_category":0,"_uf_show_specific_survey":0,"_uf_disable_surveys":false,"footnotes":""},"class_list":["post-1723","page","type-page","status-publish","hentry"],"yoast_head":"<!-- This site is optimized with the Yoast SEO Premium plugin v22.3 (Yoast SEO v26.6) - https:\/\/yoast.com\/wordpress\/plugins\/seo\/ -->\n<title>Contact - THERAPIES ENERGETIQUES<\/title>\n<meta name=\"description\" content=\"Contact au: 079\/ 732 20 18. Laurence Leon Racine, centre wellness et sant\u00e9, route de Bi\u00e8re 4, 1143 Apples. Soins \u00e9nerg\u00e9tiques au centre et \u00e0 distance.\" \/>\n<meta name=\"robots\" content=\"index, follow, max-snippet:-1, max-image-preview:large, max-video-preview:-1\" \/>\n<link rel=\"canonical\" href=\"https:\/\/therapiesenergetiques.ch\/en\/contact\/\" \/>\n<meta property=\"og:locale\" content=\"en_US\" \/>\n<meta property=\"og:type\" content=\"article\" \/>\n<meta property=\"og:title\" content=\"Contact\" \/>\n<meta property=\"og:description\" content=\"Contact au: 079\/ 732 20 18. Laurence Leon Racine, centre wellness et sant\u00e9, route de Bi\u00e8re 4, 1143 Apples. Soins \u00e9nerg\u00e9tiques au centre et \u00e0 distance.\" \/>\n<meta property=\"og:url\" content=\"https:\/\/therapiesenergetiques.ch\/en\/contact\/\" \/>\n<meta property=\"og:site_name\" content=\"THERAPIES ENERGETIQUES\" \/>\n<meta property=\"article:publisher\" content=\"https:\/\/www.facebook.com\/laurence.leon.56\" \/>\n<meta property=\"article:modified_time\" content=\"2024-05-16T15:10:05+00:00\" \/>\n<meta name=\"twitter:label1\" content=\"Est. reading time\" \/>\n\t<meta name=\"twitter:data1\" content=\"1 minute\" \/>\n<script type=\"application\/ld+json\" class=\"yoast-schema-graph\">{\"@context\":\"https:\/\/schema.org\",\"@graph\":[{\"@type\":\"WebPage\",\"@id\":\"https:\/\/therapiesenergetiques.ch\/en\/contact\/\",\"url\":\"https:\/\/therapiesenergetiques.ch\/en\/contact\/\",\"name\":\"Contact - THERAPIES ENERGETIQUES\",\"isPartOf\":{\"@id\":\"https:\/\/therapiesenergetiques.ch\/#website\"},\"datePublished\":\"2013-09-24T06:38:30+00:00\",\"dateModified\":\"2024-05-16T15:10:05+00:00\",\"description\":\"Contact au: 079\/ 732 20 18. Laurence Leon Racine, centre wellness et sant\u00e9, route de Bi\u00e8re 4, 1143 Apples. Soins \u00e9nerg\u00e9tiques au centre et \u00e0 distance.\",\"inLanguage\":\"en-US\",\"potentialAction\":[{\"@type\":\"ReadAction\",\"target\":[\"https:\/\/therapiesenergetiques.ch\/en\/contact\/\"]}]},{\"@type\":\"WebSite\",\"@id\":\"https:\/\/therapiesenergetiques.ch\/#website\",\"url\":\"https:\/\/therapiesenergetiques.ch\/\",\"name\":\"THERAPIES ENERGETIQUES\",\"description\":\"Bior\u00e9sonance, gu\u00e9rison spirituelle, reconnection\",\"publisher\":{\"@id\":\"https:\/\/therapiesenergetiques.ch\/#organization\"},\"potentialAction\":[{\"@type\":\"SearchAction\",\"target\":{\"@type\":\"EntryPoint\",\"urlTemplate\":\"https:\/\/therapiesenergetiques.ch\/?s={search_term_string}\"},\"query-input\":{\"@type\":\"PropertyValueSpecification\",\"valueRequired\":true,\"valueName\":\"search_term_string\"}}],\"inLanguage\":\"en-US\"},{\"@type\":\"Organization\",\"@id\":\"https:\/\/therapiesenergetiques.ch\/#organization\",\"name\":\"THERAPIES ENERGETIQUES\",\"url\":\"https:\/\/therapiesenergetiques.ch\/\",\"logo\":{\"@type\":\"ImageObject\",\"inLanguage\":\"en-US\",\"@id\":\"https:\/\/therapiesenergetiques.ch\/#\/schema\/logo\/image\/\",\"url\":\"https:\/\/therapiesenergetiques.ch\/wp-content\/uploads\/2022\/10\/Energetic-therapies-THERAPIES-ENERGETIQUES.png\",\"contentUrl\":\"https:\/\/therapiesenergetiques.ch\/wp-content\/uploads\/2022\/10\/Energetic-therapies-THERAPIES-ENERGETIQUES.png\",\"width\":638,\"height\":153,\"caption\":\"THERAPIES ENERGETIQUES\"},\"image\":{\"@id\":\"https:\/\/therapiesenergetiques.ch\/#\/schema\/logo\/image\/\"},\"sameAs\":[\"https:\/\/www.facebook.com\/laurence.leon.56\",\"https:\/\/www.linkedin.com\/in\/laurence-lon-0532b81\/\"]}]}<\/script>\n<!-- \/ Yoast SEO Premium plugin. -->","yoast_head_json":{"title":"Contact - THERAPIES ENERGETIQUES","description":"Contact au: 079\/ 732 20 18. Laurence Leon Racine, centre wellness et sant\u00e9, route de Bi\u00e8re 4, 1143 Apples. Soins \u00e9nerg\u00e9tiques au centre et \u00e0 distance.","robots":{"index":"index","follow":"follow","max-snippet":"max-snippet:-1","max-image-preview":"max-image-preview:large","max-video-preview":"max-video-preview:-1"},"canonical":"https:\/\/therapiesenergetiques.ch\/en\/contact\/","og_locale":"en_US","og_type":"article","og_title":"Contact","og_description":"Contact au: 079\/ 732 20 18. Laurence Leon Racine, centre wellness et sant\u00e9, route de Bi\u00e8re 4, 1143 Apples. Soins \u00e9nerg\u00e9tiques au centre et \u00e0 distance.","og_url":"https:\/\/therapiesenergetiques.ch\/en\/contact\/","og_site_name":"THERAPIES ENERGETIQUES","article_publisher":"https:\/\/www.facebook.com\/laurence.leon.56","article_modified_time":"2024-05-16T15:10:05+00:00","twitter_misc":{"Est. reading time":"1 minute"},"schema":{"@context":"https:\/\/schema.org","@graph":[{"@type":"WebPage","@id":"https:\/\/therapiesenergetiques.ch\/en\/contact\/","url":"https:\/\/therapiesenergetiques.ch\/en\/contact\/","name":"Contact - THERAPIES ENERGETIQUES","isPartOf":{"@id":"https:\/\/therapiesenergetiques.ch\/#website"},"datePublished":"2013-09-24T06:38:30+00:00","dateModified":"2024-05-16T15:10:05+00:00","description":"Contact au: 079\/ 732 20 18. Laurence Leon Racine, centre wellness et sant\u00e9, route de Bi\u00e8re 4, 1143 Apples. Soins \u00e9nerg\u00e9tiques au centre et \u00e0 distance.","inLanguage":"en-US","potentialAction":[{"@type":"ReadAction","target":["https:\/\/therapiesenergetiques.ch\/en\/contact\/"]}]},{"@type":"WebSite","@id":"https:\/\/therapiesenergetiques.ch\/#website","url":"https:\/\/therapiesenergetiques.ch\/","name":"THERAPIES ENERGETIQUES","description":"Bior\u00e9sonance, gu\u00e9rison spirituelle, reconnection","publisher":{"@id":"https:\/\/therapiesenergetiques.ch\/#organization"},"potentialAction":[{"@type":"SearchAction","target":{"@type":"EntryPoint","urlTemplate":"https:\/\/therapiesenergetiques.ch\/?s={search_term_string}"},"query-input":{"@type":"PropertyValueSpecification","valueRequired":true,"valueName":"search_term_string"}}],"inLanguage":"en-US"},{"@type":"Organization","@id":"https:\/\/therapiesenergetiques.ch\/#organization","name":"THERAPIES ENERGETIQUES","url":"https:\/\/therapiesenergetiques.ch\/","logo":{"@type":"ImageObject","inLanguage":"en-US","@id":"https:\/\/therapiesenergetiques.ch\/#\/schema\/logo\/image\/","url":"https:\/\/therapiesenergetiques.ch\/wp-content\/uploads\/2022\/10\/Energetic-therapies-THERAPIES-ENERGETIQUES.png","contentUrl":"https:\/\/therapiesenergetiques.ch\/wp-content\/uploads\/2022\/10\/Energetic-therapies-THERAPIES-ENERGETIQUES.png","width":638,"height":153,"caption":"THERAPIES ENERGETIQUES"},"image":{"@id":"https:\/\/therapiesenergetiques.ch\/#\/schema\/logo\/image\/"},"sameAs":["https:\/\/www.facebook.com\/laurence.leon.56","https:\/\/www.linkedin.com\/in\/laurence-lon-0532b81\/"]}]}},"_links":{"self":[{"href":"https:\/\/therapiesenergetiques.ch\/en\/wp-json\/wp\/v2\/pages\/1723","targetHints":{"allow":["GET"]}}],"collection":[{"href":"https:\/\/therapiesenergetiques.ch\/en\/wp-json\/wp\/v2\/pages"}],"about":[{"href":"https:\/\/therapiesenergetiques.ch\/en\/wp-json\/wp\/v2\/types\/page"}],"author":[{"embeddable":true,"href":"https:\/\/therapiesenergetiques.ch\/en\/wp-json\/wp\/v2\/users\/1"}],"replies":[{"embeddable":true,"href":"https:\/\/therapiesenergetiques.ch\/en\/wp-json\/wp\/v2\/comments?post=1723"}],"version-history":[{"count":4,"href":"https:\/\/therapiesenergetiques.ch\/en\/wp-json\/wp\/v2\/pages\/1723\/revisions"}],"predecessor-version":[{"id":1798,"href":"https:\/\/therapiesenergetiques.ch\/en\/wp-json\/wp\/v2\/pages\/1723\/revisions\/1798"}],"wp:attachment":[{"href":"https:\/\/therapiesenergetiques.ch\/en\/wp-json\/wp\/v2\/media?parent=1723"}],"curies":[{"name":"wp","href":"https:\/\/api.w.org\/{rel}","templated":true}]}}