{"id":1718,"date":"2014-08-06T12:58:59","date_gmt":"2014-08-06T11:58:59","guid":{"rendered":"https:\/\/therapiesenergetiques.ch\/voile-bien-etre\/"},"modified":"2024-05-15T18:21:16","modified_gmt":"2024-05-15T17:21:16","slug":"voile-bien-etre","status":"publish","type":"page","link":"https:\/\/therapiesenergetiques.ch\/en\/voile-bien-etre\/","title":{"rendered":"Sailing and well-being"},"content":{"rendered":"<div class=\"wpb-content-wrapper\"><p>[vc_row][vc_column][vc_column_text]Please find below the detailed brochure of our holiday proposal<br \/>\n<strong> \u201cSailing and well-being\u201d in Sardinia from October 4 to 11, 2014<br \/>\n<\/strong>.<\/p>\n<p style=\"text-align: center;\"><a href=\"https:\/\/www.therapiesenergetiques.ch\/wp-content\/uploads\/2014\/08\/Sardaigne.jpg\"><img loading=\"lazy\" decoding=\"async\" class=\"alignnone wp-image-600\" src=\"https:\/\/www.therapiesenergetiques.ch\/wp-content\/uploads\/2014\/08\/Sardaigne-150x150.jpg\" alt=\"Sardaigne\" width=\"218\" height=\"218\" \/><\/a><a href=\"https:\/\/www.therapiesenergetiques.ch\/wp-content\/uploads\/2014\/08\/Sardaigne-2.jpg\"><img loading=\"lazy\" decoding=\"async\" class=\"alignnone wp-image-602\" src=\"https:\/\/www.therapiesenergetiques.ch\/wp-content\/uploads\/2014\/08\/Sardaigne-2-150x150.jpg\" alt=\"Sardaigne 2\" width=\"218\" height=\"218\" \/><\/a><a href=\"https:\/\/www.therapiesenergetiques.ch\/wp-content\/uploads\/2014\/08\/Brochure-Sardegna-2014-version-2.pdf\"><br \/>\n<\/a><em>La Sardaigne dans toute sa splendeur&#8230;.<\/em><\/p>\n<p style=\"text-align: center;\"><a href=\"https:\/\/www.therapiesenergetiques.ch\/wp-content\/uploads\/2014\/08\/Brochure-Sardegna-2014-version-2.pdf\">Brochure Sardaigne 2014 <\/a><\/p>\n<p>On the program, a 7-day sailboat cruise with meditations and yoga exercises on the beach, bioresonance during your stay, visits to the islands and personal development workshops.<\/p>\n<p style=\"text-align: center;\"><a href=\"https:\/\/www.therapiesenergetiques.ch\/wp-content\/uploads\/2014\/08\/Brochure-Sardegna-2014-version-2.pdf\">Brochure Sardaigne 2014 <\/a><\/p>\n<p>[\/vc_column_text][\/vc_column][\/vc_row]<\/p>\n<\/div>","protected":false},"excerpt":{"rendered":"<p>[vc_row][vc_column][vc_column_text]Please find below the detailed brochure of our holiday proposal \u201cSailing and well-being\u201d in Sardinia from October 4 to 11, 2014 . La Sardaigne dans toute sa splendeur&#8230;. Brochure Sardaigne 2014 On the program, a 7-day sailboat cruise with meditations and yoga exercises on the beach, bioresonance during your stay, visits to the islands and [&hellip;]<\/p>\n","protected":false},"author":1,"featured_media":0,"parent":0,"menu_order":0,"comment_status":"closed","ping_status":"open","template":"","meta":{"_monsterinsights_skip_tracking":false,"_monsterinsights_sitenote_active":false,"_monsterinsights_sitenote_note":"","_monsterinsights_sitenote_category":0,"_uf_show_specific_survey":0,"_uf_disable_surveys":false,"footnotes":""},"class_list":["post-1718","page","type-page","status-publish","hentry"],"yoast_head":"<!-- This site is optimized with the Yoast SEO Premium plugin v22.3 (Yoast SEO v26.6) - https:\/\/yoast.com\/wordpress\/plugins\/seo\/ -->\n<title>Th\u00e9rapies \u00e9nerg\u00e9tiques Vevey | www.therapiesenergetiques.ch<\/title>\n<meta name=\"description\" content=\"Voile et bien-\u00eatre&quot; en Sardaigne du 4 au 11 octobre 2014. Au programme, un circuit en voilier de 7 jours avec m\u00e9ditations et exercices ...\" \/>\n<meta name=\"robots\" content=\"index, follow, max-snippet:-1, max-image-preview:large, max-video-preview:-1\" \/>\n<link rel=\"canonical\" href=\"https:\/\/therapiesenergetiques.ch\/en\/voile-bien-etre\/\" \/>\n<meta property=\"og:locale\" content=\"en_US\" \/>\n<meta property=\"og:type\" content=\"article\" \/>\n<meta property=\"og:title\" content=\"Sailing and well-being\" \/>\n<meta property=\"og:description\" content=\"Voile et bien-\u00eatre&quot; en Sardaigne du 4 au 11 octobre 2014. Au programme, un circuit en voilier de 7 jours avec m\u00e9ditations et exercices ...\" \/>\n<meta property=\"og:url\" content=\"https:\/\/therapiesenergetiques.ch\/en\/voile-bien-etre\/\" \/>\n<meta property=\"og:site_name\" content=\"THERAPIES ENERGETIQUES\" \/>\n<meta property=\"article:publisher\" content=\"https:\/\/www.facebook.com\/laurence.leon.56\" \/>\n<meta property=\"article:modified_time\" content=\"2024-05-15T17:21:16+00:00\" \/>\n<meta property=\"og:image\" content=\"https:\/\/www.therapiesenergetiques.ch\/wp-content\/uploads\/2014\/08\/Sardaigne-150x150.jpg\" \/>\n<meta name=\"twitter:label1\" content=\"Est. reading time\" \/>\n\t<meta name=\"twitter:data1\" content=\"1 minute\" \/>\n<script type=\"application\/ld+json\" class=\"yoast-schema-graph\">{\"@context\":\"https:\/\/schema.org\",\"@graph\":[{\"@type\":\"WebPage\",\"@id\":\"https:\/\/therapiesenergetiques.ch\/en\/voile-bien-etre\/\",\"url\":\"https:\/\/therapiesenergetiques.ch\/en\/voile-bien-etre\/\",\"name\":\"Th\u00e9rapies \u00e9nerg\u00e9tiques Vevey | www.therapiesenergetiques.ch\",\"isPartOf\":{\"@id\":\"https:\/\/therapiesenergetiques.ch\/#website\"},\"primaryImageOfPage\":{\"@id\":\"https:\/\/therapiesenergetiques.ch\/en\/voile-bien-etre\/#primaryimage\"},\"image\":{\"@id\":\"https:\/\/therapiesenergetiques.ch\/en\/voile-bien-etre\/#primaryimage\"},\"thumbnailUrl\":\"https:\/\/www.therapiesenergetiques.ch\/wp-content\/uploads\/2014\/08\/Sardaigne-150x150.jpg\",\"datePublished\":\"2014-08-06T11:58:59+00:00\",\"dateModified\":\"2024-05-15T17:21:16+00:00\",\"description\":\"Voile et bien-\u00eatre\\\" en Sardaigne du 4 au 11 octobre 2014. Au programme, un circuit en voilier de 7 jours avec m\u00e9ditations et exercices ...\",\"inLanguage\":\"en-US\",\"potentialAction\":[{\"@type\":\"ReadAction\",\"target\":[\"https:\/\/therapiesenergetiques.ch\/en\/voile-bien-etre\/\"]}]},{\"@type\":\"ImageObject\",\"inLanguage\":\"en-US\",\"@id\":\"https:\/\/therapiesenergetiques.ch\/en\/voile-bien-etre\/#primaryimage\",\"url\":\"https:\/\/www.therapiesenergetiques.ch\/wp-content\/uploads\/2014\/08\/Sardaigne-150x150.jpg\",\"contentUrl\":\"https:\/\/www.therapiesenergetiques.ch\/wp-content\/uploads\/2014\/08\/Sardaigne-150x150.jpg\"},{\"@type\":\"WebSite\",\"@id\":\"https:\/\/therapiesenergetiques.ch\/#website\",\"url\":\"https:\/\/therapiesenergetiques.ch\/\",\"name\":\"THERAPIES ENERGETIQUES\",\"description\":\"Bior\u00e9sonance, gu\u00e9rison spirituelle, reconnection\",\"publisher\":{\"@id\":\"https:\/\/therapiesenergetiques.ch\/#organization\"},\"potentialAction\":[{\"@type\":\"SearchAction\",\"target\":{\"@type\":\"EntryPoint\",\"urlTemplate\":\"https:\/\/therapiesenergetiques.ch\/?s={search_term_string}\"},\"query-input\":{\"@type\":\"PropertyValueSpecification\",\"valueRequired\":true,\"valueName\":\"search_term_string\"}}],\"inLanguage\":\"en-US\"},{\"@type\":\"Organization\",\"@id\":\"https:\/\/therapiesenergetiques.ch\/#organization\",\"name\":\"THERAPIES ENERGETIQUES\",\"url\":\"https:\/\/therapiesenergetiques.ch\/\",\"logo\":{\"@type\":\"ImageObject\",\"inLanguage\":\"en-US\",\"@id\":\"https:\/\/therapiesenergetiques.ch\/#\/schema\/logo\/image\/\",\"url\":\"https:\/\/therapiesenergetiques.ch\/wp-content\/uploads\/2022\/10\/Energetic-therapies-THERAPIES-ENERGETIQUES.png\",\"contentUrl\":\"https:\/\/therapiesenergetiques.ch\/wp-content\/uploads\/2022\/10\/Energetic-therapies-THERAPIES-ENERGETIQUES.png\",\"width\":638,\"height\":153,\"caption\":\"THERAPIES ENERGETIQUES\"},\"image\":{\"@id\":\"https:\/\/therapiesenergetiques.ch\/#\/schema\/logo\/image\/\"},\"sameAs\":[\"https:\/\/www.facebook.com\/laurence.leon.56\",\"https:\/\/www.linkedin.com\/in\/laurence-lon-0532b81\/\"]}]}<\/script>\n<!-- \/ Yoast SEO Premium plugin. -->","yoast_head_json":{"title":"Th\u00e9rapies \u00e9nerg\u00e9tiques Vevey | www.therapiesenergetiques.ch","description":"Voile et bien-\u00eatre\" en Sardaigne du 4 au 11 octobre 2014. Au programme, un circuit en voilier de 7 jours avec m\u00e9ditations et exercices ...","robots":{"index":"index","follow":"follow","max-snippet":"max-snippet:-1","max-image-preview":"max-image-preview:large","max-video-preview":"max-video-preview:-1"},"canonical":"https:\/\/therapiesenergetiques.ch\/en\/voile-bien-etre\/","og_locale":"en_US","og_type":"article","og_title":"Sailing and well-being","og_description":"Voile et bien-\u00eatre\" en Sardaigne du 4 au 11 octobre 2014. Au programme, un circuit en voilier de 7 jours avec m\u00e9ditations et exercices ...","og_url":"https:\/\/therapiesenergetiques.ch\/en\/voile-bien-etre\/","og_site_name":"THERAPIES ENERGETIQUES","article_publisher":"https:\/\/www.facebook.com\/laurence.leon.56","article_modified_time":"2024-05-15T17:21:16+00:00","og_image":[{"url":"https:\/\/www.therapiesenergetiques.ch\/wp-content\/uploads\/2014\/08\/Sardaigne-150x150.jpg","type":"","width":"","height":""}],"twitter_misc":{"Est. reading time":"1 minute"},"schema":{"@context":"https:\/\/schema.org","@graph":[{"@type":"WebPage","@id":"https:\/\/therapiesenergetiques.ch\/en\/voile-bien-etre\/","url":"https:\/\/therapiesenergetiques.ch\/en\/voile-bien-etre\/","name":"Th\u00e9rapies \u00e9nerg\u00e9tiques Vevey | www.therapiesenergetiques.ch","isPartOf":{"@id":"https:\/\/therapiesenergetiques.ch\/#website"},"primaryImageOfPage":{"@id":"https:\/\/therapiesenergetiques.ch\/en\/voile-bien-etre\/#primaryimage"},"image":{"@id":"https:\/\/therapiesenergetiques.ch\/en\/voile-bien-etre\/#primaryimage"},"thumbnailUrl":"https:\/\/www.therapiesenergetiques.ch\/wp-content\/uploads\/2014\/08\/Sardaigne-150x150.jpg","datePublished":"2014-08-06T11:58:59+00:00","dateModified":"2024-05-15T17:21:16+00:00","description":"Voile et bien-\u00eatre\" en Sardaigne du 4 au 11 octobre 2014. Au programme, un circuit en voilier de 7 jours avec m\u00e9ditations et exercices ...","inLanguage":"en-US","potentialAction":[{"@type":"ReadAction","target":["https:\/\/therapiesenergetiques.ch\/en\/voile-bien-etre\/"]}]},{"@type":"ImageObject","inLanguage":"en-US","@id":"https:\/\/therapiesenergetiques.ch\/en\/voile-bien-etre\/#primaryimage","url":"https:\/\/www.therapiesenergetiques.ch\/wp-content\/uploads\/2014\/08\/Sardaigne-150x150.jpg","contentUrl":"https:\/\/www.therapiesenergetiques.ch\/wp-content\/uploads\/2014\/08\/Sardaigne-150x150.jpg"},{"@type":"WebSite","@id":"https:\/\/therapiesenergetiques.ch\/#website","url":"https:\/\/therapiesenergetiques.ch\/","name":"THERAPIES ENERGETIQUES","description":"Bior\u00e9sonance, gu\u00e9rison spirituelle, reconnection","publisher":{"@id":"https:\/\/therapiesenergetiques.ch\/#organization"},"potentialAction":[{"@type":"SearchAction","target":{"@type":"EntryPoint","urlTemplate":"https:\/\/therapiesenergetiques.ch\/?s={search_term_string}"},"query-input":{"@type":"PropertyValueSpecification","valueRequired":true,"valueName":"search_term_string"}}],"inLanguage":"en-US"},{"@type":"Organization","@id":"https:\/\/therapiesenergetiques.ch\/#organization","name":"THERAPIES ENERGETIQUES","url":"https:\/\/therapiesenergetiques.ch\/","logo":{"@type":"ImageObject","inLanguage":"en-US","@id":"https:\/\/therapiesenergetiques.ch\/#\/schema\/logo\/image\/","url":"https:\/\/therapiesenergetiques.ch\/wp-content\/uploads\/2022\/10\/Energetic-therapies-THERAPIES-ENERGETIQUES.png","contentUrl":"https:\/\/therapiesenergetiques.ch\/wp-content\/uploads\/2022\/10\/Energetic-therapies-THERAPIES-ENERGETIQUES.png","width":638,"height":153,"caption":"THERAPIES ENERGETIQUES"},"image":{"@id":"https:\/\/therapiesenergetiques.ch\/#\/schema\/logo\/image\/"},"sameAs":["https:\/\/www.facebook.com\/laurence.leon.56","https:\/\/www.linkedin.com\/in\/laurence-lon-0532b81\/"]}]}},"_links":{"self":[{"href":"https:\/\/therapiesenergetiques.ch\/en\/wp-json\/wp\/v2\/pages\/1718","targetHints":{"allow":["GET"]}}],"collection":[{"href":"https:\/\/therapiesenergetiques.ch\/en\/wp-json\/wp\/v2\/pages"}],"about":[{"href":"https:\/\/therapiesenergetiques.ch\/en\/wp-json\/wp\/v2\/types\/page"}],"author":[{"embeddable":true,"href":"https:\/\/therapiesenergetiques.ch\/en\/wp-json\/wp\/v2\/users\/1"}],"replies":[{"embeddable":true,"href":"https:\/\/therapiesenergetiques.ch\/en\/wp-json\/wp\/v2\/comments?post=1718"}],"version-history":[{"count":3,"href":"https:\/\/therapiesenergetiques.ch\/en\/wp-json\/wp\/v2\/pages\/1718\/revisions"}],"predecessor-version":[{"id":1770,"href":"https:\/\/therapiesenergetiques.ch\/en\/wp-json\/wp\/v2\/pages\/1718\/revisions\/1770"}],"wp:attachment":[{"href":"https:\/\/therapiesenergetiques.ch\/en\/wp-json\/wp\/v2\/media?parent=1718"}],"curies":[{"name":"wp","href":"https:\/\/api.w.org\/{rel}","templated":true}]}}