{"id":1714,"date":"2017-08-21T11:58:34","date_gmt":"2017-08-21T10:58:34","guid":{"rendered":"https:\/\/therapiesenergetiques.ch\/films-spirituels\/"},"modified":"2024-05-15T18:04:16","modified_gmt":"2024-05-15T17:04:16","slug":"films-spirituels","status":"publish","type":"page","link":"https:\/\/therapiesenergetiques.ch\/en\/films-spirituels\/","title":{"rendered":"Books and films"},"content":{"rendered":"<div class=\"wpb-content-wrapper\"><p>[vc_row][vc_column][vc_column_text]Here is a list of free spiritual films or that you can rent on Vimeo, in order to raise your level of consciousness and perceive reality from a new angle.<\/p>\n<p>Currently, we are experiencing a real turning point in our history and we are being led to make individual choices that can make the difference in the creation of our new reality. It is important to change our vision of the world and get off the beaten track. What you thought was right might not be right today. So dare to question yourself; dare to adventure and change your belief systems, your perception of reality, your daily life in order to live in a better world in harmony with nature and with our Essence.<\/p>\n<p>Enjoy watching the films![\/vc_column_text][\/vc_column][\/vc_row][vc_row content_placement=&#8221;middle&#8221; el_class=&#8221;same-height-titles&#8221;][vc_column width=&#8221;1\/3&#8243;][vc_custom_heading text=&#8221;Thrive movement: what does it take to thrive? When we go back down the money chain\u2026<br \/>\n&#8221; font_container=&#8221;tag:h4|text_align:center|color:%23b8945c&#8221; use_theme_fonts=&#8221;yes&#8221;][vc_video link=&#8221;https:\/\/www.youtube.com\/watch?v=QIU0BUyZ0-A&#8221;][\/vc_column][vc_column width=&#8221;1\/3&#8243;][vc_custom_heading text=&#8221;In search of meaning<br \/>\n&#8221; font_container=&#8221;tag:h4|text_align:center|color:%23b8945c&#8221; use_theme_fonts=&#8221;yes&#8221;][vc_video link=&#8221;https:\/\/player.vimeo.com\/video\/183614006?dnt=1&amp;app_id=122963&#8243; align=&#8221;center&#8221;][\/vc_column][vc_column width=&#8221;1\/3&#8243;][vc_custom_heading text=&#8221;Everything is accelerating on the issue of time<br \/>\n&#8221; font_container=&#8221;tag:h4|text_align:center|color:%23b8945c&#8221; use_theme_fonts=&#8221;yes&#8221;][vc_video link=&#8221;https:\/\/player.vimeo.com\/video\/194499253?h=40ab07511c&#8221; align=&#8221;center&#8221;][\/vc_column][\/vc_row][vc_row content_placement=&#8221;middle&#8221; el_class=&#8221;same-height-titles&#8221;][vc_column width=&#8221;1\/3&#8243;][vc_custom_heading text=&#8221;Tomorrow: for a better world<br \/>\n&#8221; font_container=&#8221;tag:h4|text_align:center|color:%23b8945c&#8221; use_theme_fonts=&#8221;yes&#8221;][vc_video link=&#8221;https:\/\/www.youtube.com\/watch?v=Bk2LnbrXx_I&amp;t=1s&#8221; align=&#8221;center&#8221;][\/vc_column][vc_column width=&#8221;1\/3&#8243;][vc_custom_heading text=&#8221;Guardians of the Earth: A World Tour of Spiritual Traditions<br \/>\n&#8221; font_container=&#8221;tag:h4|text_align:center|color:%23b8945c&#8221; use_theme_fonts=&#8221;yes&#8221;][vc_video link=&#8221;https:\/\/vimeo.com\/ondemand\/gardiensdelaterre\/155814565&#8243; align=&#8221;center&#8221;][\/vc_column][vc_column width=&#8221;1\/3&#8243;][vc_custom_heading text=&#8221;Nosso Lar, our home: film about life after death<br \/>\n&#8221; font_container=&#8221;tag:h4|text_align:center|color:%23b8945c&#8221; use_theme_fonts=&#8221;yes&#8221;][vc_video link=&#8221;https:\/\/vimeo.com\/ondemand\/nossolar&#8221; align=&#8221;center&#8221;][\/vc_column][\/vc_row][vc_row content_placement=&#8221;middle&#8221; el_class=&#8221;same-height-titles&#8221;][vc_column width=&#8221;1\/3&#8243;][vc_custom_heading text=&#8221;In consciousness: documentary on near-death experience<br \/>\n&#8221; font_container=&#8221;tag:h4|text_align:center|color:%23b8945c&#8221; use_theme_fonts=&#8221;yes&#8221;][vc_video link=&#8221;https:\/\/www.youtube.com\/watch?v=sb2s7dbvChA&#8221; align=&#8221;center&#8221;][\/vc_column][vc_column width=&#8221;1\/3&#8243;][vc_custom_heading text=&#8221;Samadhi: self-delusion<br \/>\n&#8221; font_container=&#8221;tag:h4|text_align:center|color:%23b8945c&#8221; use_theme_fonts=&#8221;yes&#8221;][vc_video link=&#8221;https:\/\/www.youtube.com\/watch?v=Bw9zSMsKcwk&amp;list=PLD8E5F0D70B62BEFE&#8221; align=&#8221;center&#8221;][\/vc_column][vc_column width=&#8221;1\/3&#8243;][vc_custom_heading text=&#8221;Inner worlds, outer worlds: Akasha (part.1)<br \/>\n&#8221; font_container=&#8221;tag:h4|text_align:center|color:%23b8945c&#8221; use_theme_fonts=&#8221;yes&#8221;][vc_video link=&#8221;https:\/\/www.youtube.com\/watch?v=aXuTt7c3Jkg&amp;list=PLD8E5F0D70B62BEFE&#8221; align=&#8221;center&#8221;][\/vc_column][\/vc_row][vc_row content_placement=&#8221;middle&#8221; el_class=&#8221;same-height-titles&#8221;][vc_column width=&#8221;1\/3&#8243;][vc_custom_heading text=&#8221;the spiral (part.2)<br \/>\n&#8221; font_container=&#8221;tag:h4|text_align:center|color:%23b8945c&#8221; use_theme_fonts=&#8221;yes&#8221;][vc_video link=&#8221;https:\/\/www.youtube.com\/watch?v=ZIMoxXO0XvM&amp;list=PLD8E5F0D70B62BEFE&amp;t=1s&#8221; align=&#8221;center&#8221;][\/vc_column][vc_column width=&#8221;1\/3&#8243;][vc_custom_heading text=&#8221;the serpent and the lotus (part.3)<br \/>\n&#8221; font_container=&#8221;tag:h4|text_align:center|color:%23b8945c&#8221; use_theme_fonts=&#8221;yes&#8221;][vc_video link=&#8221;https:\/\/www.youtube.com\/watch?v=yNEruEsb5T4&amp;list=PLD8E5F0D70B62BEFE&amp;t=3s&#8221; align=&#8221;center&#8221;][\/vc_column][vc_column width=&#8221;1\/3&#8243;][vc_custom_heading text=&#8221;beyond thinking (part.4)<br \/>\n&#8221; font_container=&#8221;tag:h4|text_align:center|color:%23b8945c&#8221; use_theme_fonts=&#8221;yes&#8221;][vc_video link=&#8221;https:\/\/www.youtube.com\/watch?v=qmL4CeTENtw&amp;list=PLD8E5F0D70B62BEFE&amp;t=47s&#8221;][\/vc_column][\/vc_row]<\/p>\n<\/div>","protected":false},"excerpt":{"rendered":"<p>[vc_row][vc_column][vc_column_text]Here is a list of free spiritual films or that you can rent on Vimeo, in order to raise your level of consciousness and perceive reality from a new angle. Currently, we are experiencing a real turning point in our history and we are being led to make individual choices that can make the difference [&hellip;]<\/p>\n","protected":false},"author":1,"featured_media":0,"parent":0,"menu_order":0,"comment_status":"closed","ping_status":"closed","template":"","meta":{"_monsterinsights_skip_tracking":false,"_monsterinsights_sitenote_active":false,"_monsterinsights_sitenote_note":"","_monsterinsights_sitenote_category":0,"_uf_show_specific_survey":0,"_uf_disable_surveys":false,"footnotes":""},"class_list":["post-1714","page","type-page","status-publish","hentry"],"yoast_head":"<!-- This site is optimized with the Yoast SEO Premium plugin v22.3 (Yoast SEO v26.6) - https:\/\/yoast.com\/wordpress\/plugins\/seo\/ -->\n<title>Books and films<\/title>\n<meta name=\"description\" content=\"Th\u00e9rapies \u00e9nerg\u00e9tiques: bilan \u00e9nerg\u00e9tique gr\u00e2ce au biofeedback et bior\u00e9sonance, Reconnection\u00ae, r\u00e9gression dans les vies pass\u00e9es...\" \/>\n<meta name=\"robots\" content=\"index, follow, max-snippet:-1, max-image-preview:large, max-video-preview:-1\" \/>\n<link rel=\"canonical\" href=\"https:\/\/therapiesenergetiques.ch\/en\/films-spirituels\/\" \/>\n<meta property=\"og:locale\" content=\"en_US\" \/>\n<meta property=\"og:type\" content=\"article\" \/>\n<meta property=\"og:title\" content=\"Books and films\" \/>\n<meta property=\"og:description\" content=\"Th\u00e9rapies \u00e9nerg\u00e9tiques: bilan \u00e9nerg\u00e9tique gr\u00e2ce au biofeedback et bior\u00e9sonance, Reconnection\u00ae, r\u00e9gression dans les vies pass\u00e9es...\" \/>\n<meta property=\"og:url\" content=\"https:\/\/therapiesenergetiques.ch\/en\/films-spirituels\/\" \/>\n<meta property=\"og:site_name\" content=\"THERAPIES ENERGETIQUES\" \/>\n<meta property=\"article:publisher\" content=\"https:\/\/www.facebook.com\/laurence.leon.56\" \/>\n<meta property=\"article:modified_time\" content=\"2024-05-15T17:04:16+00:00\" \/>\n<meta name=\"twitter:label1\" content=\"Est. reading time\" \/>\n\t<meta name=\"twitter:data1\" content=\"2 minutes\" \/>\n<script type=\"application\/ld+json\" class=\"yoast-schema-graph\">{\"@context\":\"https:\/\/schema.org\",\"@graph\":[{\"@type\":\"WebPage\",\"@id\":\"https:\/\/therapiesenergetiques.ch\/en\/films-spirituels\/\",\"url\":\"https:\/\/therapiesenergetiques.ch\/en\/films-spirituels\/\",\"name\":\"Books and films\",\"isPartOf\":{\"@id\":\"https:\/\/therapiesenergetiques.ch\/#website\"},\"datePublished\":\"2017-08-21T10:58:34+00:00\",\"dateModified\":\"2024-05-15T17:04:16+00:00\",\"description\":\"Th\u00e9rapies \u00e9nerg\u00e9tiques: bilan \u00e9nerg\u00e9tique gr\u00e2ce au biofeedback et bior\u00e9sonance, Reconnection\u00ae, r\u00e9gression dans les vies pass\u00e9es...\",\"inLanguage\":\"en-US\",\"potentialAction\":[{\"@type\":\"ReadAction\",\"target\":[\"https:\/\/therapiesenergetiques.ch\/en\/films-spirituels\/\"]}]},{\"@type\":\"WebSite\",\"@id\":\"https:\/\/therapiesenergetiques.ch\/#website\",\"url\":\"https:\/\/therapiesenergetiques.ch\/\",\"name\":\"THERAPIES ENERGETIQUES\",\"description\":\"Bior\u00e9sonance, gu\u00e9rison spirituelle, reconnection\",\"publisher\":{\"@id\":\"https:\/\/therapiesenergetiques.ch\/#organization\"},\"potentialAction\":[{\"@type\":\"SearchAction\",\"target\":{\"@type\":\"EntryPoint\",\"urlTemplate\":\"https:\/\/therapiesenergetiques.ch\/?s={search_term_string}\"},\"query-input\":{\"@type\":\"PropertyValueSpecification\",\"valueRequired\":true,\"valueName\":\"search_term_string\"}}],\"inLanguage\":\"en-US\"},{\"@type\":\"Organization\",\"@id\":\"https:\/\/therapiesenergetiques.ch\/#organization\",\"name\":\"THERAPIES ENERGETIQUES\",\"url\":\"https:\/\/therapiesenergetiques.ch\/\",\"logo\":{\"@type\":\"ImageObject\",\"inLanguage\":\"en-US\",\"@id\":\"https:\/\/therapiesenergetiques.ch\/#\/schema\/logo\/image\/\",\"url\":\"https:\/\/therapiesenergetiques.ch\/wp-content\/uploads\/2022\/10\/Energetic-therapies-THERAPIES-ENERGETIQUES.png\",\"contentUrl\":\"https:\/\/therapiesenergetiques.ch\/wp-content\/uploads\/2022\/10\/Energetic-therapies-THERAPIES-ENERGETIQUES.png\",\"width\":638,\"height\":153,\"caption\":\"THERAPIES ENERGETIQUES\"},\"image\":{\"@id\":\"https:\/\/therapiesenergetiques.ch\/#\/schema\/logo\/image\/\"},\"sameAs\":[\"https:\/\/www.facebook.com\/laurence.leon.56\",\"https:\/\/www.linkedin.com\/in\/laurence-lon-0532b81\/\"]}]}<\/script>\n<!-- \/ Yoast SEO Premium plugin. -->","yoast_head_json":{"title":"Books and films","description":"Th\u00e9rapies \u00e9nerg\u00e9tiques: bilan \u00e9nerg\u00e9tique gr\u00e2ce au biofeedback et bior\u00e9sonance, Reconnection\u00ae, r\u00e9gression dans les vies pass\u00e9es...","robots":{"index":"index","follow":"follow","max-snippet":"max-snippet:-1","max-image-preview":"max-image-preview:large","max-video-preview":"max-video-preview:-1"},"canonical":"https:\/\/therapiesenergetiques.ch\/en\/films-spirituels\/","og_locale":"en_US","og_type":"article","og_title":"Books and films","og_description":"Th\u00e9rapies \u00e9nerg\u00e9tiques: bilan \u00e9nerg\u00e9tique gr\u00e2ce au biofeedback et bior\u00e9sonance, Reconnection\u00ae, r\u00e9gression dans les vies pass\u00e9es...","og_url":"https:\/\/therapiesenergetiques.ch\/en\/films-spirituels\/","og_site_name":"THERAPIES ENERGETIQUES","article_publisher":"https:\/\/www.facebook.com\/laurence.leon.56","article_modified_time":"2024-05-15T17:04:16+00:00","twitter_misc":{"Est. reading time":"2 minutes"},"schema":{"@context":"https:\/\/schema.org","@graph":[{"@type":"WebPage","@id":"https:\/\/therapiesenergetiques.ch\/en\/films-spirituels\/","url":"https:\/\/therapiesenergetiques.ch\/en\/films-spirituels\/","name":"Books and films","isPartOf":{"@id":"https:\/\/therapiesenergetiques.ch\/#website"},"datePublished":"2017-08-21T10:58:34+00:00","dateModified":"2024-05-15T17:04:16+00:00","description":"Th\u00e9rapies \u00e9nerg\u00e9tiques: bilan \u00e9nerg\u00e9tique gr\u00e2ce au biofeedback et bior\u00e9sonance, Reconnection\u00ae, r\u00e9gression dans les vies pass\u00e9es...","inLanguage":"en-US","potentialAction":[{"@type":"ReadAction","target":["https:\/\/therapiesenergetiques.ch\/en\/films-spirituels\/"]}]},{"@type":"WebSite","@id":"https:\/\/therapiesenergetiques.ch\/#website","url":"https:\/\/therapiesenergetiques.ch\/","name":"THERAPIES ENERGETIQUES","description":"Bior\u00e9sonance, gu\u00e9rison spirituelle, reconnection","publisher":{"@id":"https:\/\/therapiesenergetiques.ch\/#organization"},"potentialAction":[{"@type":"SearchAction","target":{"@type":"EntryPoint","urlTemplate":"https:\/\/therapiesenergetiques.ch\/?s={search_term_string}"},"query-input":{"@type":"PropertyValueSpecification","valueRequired":true,"valueName":"search_term_string"}}],"inLanguage":"en-US"},{"@type":"Organization","@id":"https:\/\/therapiesenergetiques.ch\/#organization","name":"THERAPIES ENERGETIQUES","url":"https:\/\/therapiesenergetiques.ch\/","logo":{"@type":"ImageObject","inLanguage":"en-US","@id":"https:\/\/therapiesenergetiques.ch\/#\/schema\/logo\/image\/","url":"https:\/\/therapiesenergetiques.ch\/wp-content\/uploads\/2022\/10\/Energetic-therapies-THERAPIES-ENERGETIQUES.png","contentUrl":"https:\/\/therapiesenergetiques.ch\/wp-content\/uploads\/2022\/10\/Energetic-therapies-THERAPIES-ENERGETIQUES.png","width":638,"height":153,"caption":"THERAPIES ENERGETIQUES"},"image":{"@id":"https:\/\/therapiesenergetiques.ch\/#\/schema\/logo\/image\/"},"sameAs":["https:\/\/www.facebook.com\/laurence.leon.56","https:\/\/www.linkedin.com\/in\/laurence-lon-0532b81\/"]}]}},"_links":{"self":[{"href":"https:\/\/therapiesenergetiques.ch\/en\/wp-json\/wp\/v2\/pages\/1714","targetHints":{"allow":["GET"]}}],"collection":[{"href":"https:\/\/therapiesenergetiques.ch\/en\/wp-json\/wp\/v2\/pages"}],"about":[{"href":"https:\/\/therapiesenergetiques.ch\/en\/wp-json\/wp\/v2\/types\/page"}],"author":[{"embeddable":true,"href":"https:\/\/therapiesenergetiques.ch\/en\/wp-json\/wp\/v2\/users\/1"}],"replies":[{"embeddable":true,"href":"https:\/\/therapiesenergetiques.ch\/en\/wp-json\/wp\/v2\/comments?post=1714"}],"version-history":[{"count":2,"href":"https:\/\/therapiesenergetiques.ch\/en\/wp-json\/wp\/v2\/pages\/1714\/revisions"}],"predecessor-version":[{"id":1764,"href":"https:\/\/therapiesenergetiques.ch\/en\/wp-json\/wp\/v2\/pages\/1714\/revisions\/1764"}],"wp:attachment":[{"href":"https:\/\/therapiesenergetiques.ch\/en\/wp-json\/wp\/v2\/media?parent=1714"}],"curies":[{"name":"wp","href":"https:\/\/api.w.org\/{rel}","templated":true}]}}