{"id":1312,"date":"2013-09-24T07:35:06","date_gmt":"2013-09-24T06:35:06","guid":{"rendered":"https:\/\/therapiesenergetiques.ch\/energetic-therapies\/"},"modified":"2025-05-17T13:34:04","modified_gmt":"2025-05-17T12:34:04","slug":"energetic-therapies","status":"publish","type":"page","link":"https:\/\/therapiesenergetiques.ch\/en\/","title":{"rendered":"Home"},"content":{"rendered":"<div class=\"wpb-content-wrapper\"><p>[vc_row full_width=&#8221;stretch_row_content&#8221; disable_element=&#8221;yes&#8221; el_class=&#8221;overflow-visible mobile-margin&#8221; css=&#8221;.vc_custom_1706544102807{margin-bottom: -100px !important;}&#8221;][vc_column width=&#8221;1\/4&#8243; css=&#8221;.vc_custom_1688905235620{margin-top: -90px !important;}&#8221;][vc_single_image image=&#8221;1127&#8243; img_size=&#8221;full&#8221; alignment=&#8221;center&#8221;][\/vc_column][vc_column width=&#8221;1\/2&#8243;][vc_custom_heading text=&#8221;Bienvenue&#8221; font_container=&#8221;tag:h1|text_align:center|color:%23b8945c&#8221; use_theme_fonts=&#8221;yes&#8221;][vc_column_text]<\/p>\n<p style=\"text-align: center;\">Que vous cherchiez \u00e0 vous transformer par le biofeedback\/bior\u00e9sonance, la lib\u00e9ration karmique (nettoyage \u00e9nerg\u00e9tique \u00e0 distance sur 2 mois), les vies ant\u00e9rieures (r\u00e9gression dans la vie actuelle, la vie f\u0153tale et les vies ant\u00e9rieures) ou la Reconnexion\u00ae (trouver sa mission de vie), je suis ravie. pour vous proposer des th\u00e9rapies \u00e9nerg\u00e9tiques de qualit\u00e9, qui vous aideront \u00e0 vous retrouver, \u00e0 recharger vos batteries et \u00e0 retrouver votre magnifique pouvoir de cr\u00e9ation !<\/p>\n<p style=\"text-align: center;\">Gr\u00e2ce aux th\u00e9rapies \u00e9nerg\u00e9tiques et \u00e0 l\u2019augmentation de votre fr\u00e9quence vibratoire, vous aurez plus de clart\u00e9 et de ressenti sur votre propre voyage.<\/p>\n<p>[\/vc_column_text][\/vc_column][vc_column width=&#8221;1\/4&#8243; css=&#8221;.vc_custom_1693827558717{margin-top: 200px !important;margin-bottom: -140px !important;}&#8221; el_class=&#8221;image-mobile-margin&#8221;][vc_single_image image=&#8221;1128&#8243; img_size=&#8221;full&#8221; alignment=&#8221;center&#8221;][\/vc_column][\/vc_row][vc_row][vc_column][vc_custom_heading text=&#8221;Our Services&#8221; font_container=&#8221;tag:h2|text_align:center|color:%23b8945c&#8221; use_theme_fonts=&#8221;yes&#8221;][\/vc_column][\/vc_row][vc_row css=&#8221;.vc_custom_1703754359794{padding-top: 50px !important;}&#8221; el_id=&#8221;services-block&#8221;][vc_column width=&#8221;1\/3&#8243;][vc_single_image image=&#8221;1137&#8243; img_size=&#8221;full&#8221; alignment=&#8221;center&#8221; style=&#8221;vc_box_outline_circle_2&#8243; onclick=&#8221;custom_link&#8221; link=&#8221;https:\/\/therapiesenergetiques.ch\/en\/biofeedback-bioresonance\/&#8221;][vc_custom_heading text=&#8221;Multidimensional bioresonance&#8221; font_container=&#8221;tag:h4|text_align:center|color:%23a03f7f&#8221; use_theme_fonts=&#8221;yes&#8221;][vc_column_text]<\/p>\n<p style=\"text-align: center;\">Detect the cause of a physical, energetic, emotional, mental and spiritual blockage<\/p>\n<p>[\/vc_column_text][vc_btn title=&#8221;Know more&#8221; shape=&#8221;round&#8221; align=&#8221;center&#8221; link=&#8221;url:https%3A%2F%2Ftherapiesenergetiques.ch%2Fen%2Fbiofeedback-bioresonance%2F&#8221;][\/vc_column][vc_column width=&#8221;1\/3&#8243;][vc_single_image image=&#8221;1592&#8243; img_size=&#8221;250&#215;250&#8243; alignment=&#8221;center&#8221; style=&#8221;vc_box_outline_circle_2&#8243; onclick=&#8221;custom_link&#8221; link=&#8221;https:\/\/therapiesenergetiques.ch\/en\/bilan-vitamines-mineraux-et-metaux-lourds\/&#8221;][vc_custom_heading text=&#8221;Vitamin, mineral and heavy metal assessment&#8221; font_container=&#8221;tag:h4|text_align:center|color:%23a03f7f&#8221; use_theme_fonts=&#8221;yes&#8221;][vc_column_text]<\/p>\n<p style=\"text-align: center;\">Assessment of deficiencies and excesses in 1 minute<\/p>\n<p>[\/vc_column_text][vc_btn title=&#8221;Know more&#8221; shape=&#8221;round&#8221; align=&#8221;center&#8221; link=&#8221;url:https%3A%2F%2Ftherapiesenergetiques.ch%2Fen%2Fbilan-vitamines-mineraux-et-metaux-lourds%2F&#8221;][\/vc_column][vc_column width=&#8221;1\/3&#8243;][vc_single_image image=&#8221;1597&#8243; img_size=&#8221;250&#215;250&#8243; alignment=&#8221;center&#8221; style=&#8221;vc_box_outline_circle_2&#8243; onclick=&#8221;custom_link&#8221; link=&#8221;https:\/\/therapiesenergetiques.ch\/en\/bilan-et-soin-energetique-sur-1-mois\/&#8221;][vc_custom_heading text=&#8221;Energy assessment and treatment over 1 month&#8221; font_container=&#8221;tag:h4|text_align:center|color:%23a03f7f&#8221; use_theme_fonts=&#8221;yes&#8221;][vc_column_text]<\/p>\n<p style=\"text-align: center;\">Complete assessment and cleansing of vibratory entities and bodies<\/p>\n<p>[\/vc_column_text][vc_btn title=&#8221;Know more&#8221; shape=&#8221;round&#8221; align=&#8221;center&#8221; link=&#8221;url:https%3A%2F%2Ftherapiesenergetiques.ch%2Fen%2Fbilan-et-soin-energetique-sur-1-mois%2F&#8221;][\/vc_column][\/vc_row][vc_row][vc_column width=&#8221;1\/3&#8243;][vc_single_image image=&#8221;1600&#8243; img_size=&#8221;250&#215;250&#8243; alignment=&#8221;center&#8221; style=&#8221;vc_box_outline_circle_2&#8243; onclick=&#8221;custom_link&#8221; link=&#8221;https:\/\/therapiesenergetiques.ch\/en\/walk-in-et-2eme-ame\/&#8221;][vc_custom_heading text=&#8221;Walk in and 2nd soul&#8221; font_container=&#8221;tag:h4|text_align:center|color:%23a03f7f&#8221; use_theme_fonts=&#8221;yes&#8221; link=&#8221;url:%23|title:Reconnective%20Healing&#8221;][vc_column_text]<\/p>\n<p style=\"text-align: center;\">Co-twinning and souls coming after conception<\/p>\n<p>[\/vc_column_text][vc_btn title=&#8221;Know more&#8221; shape=&#8221;round&#8221; align=&#8221;center&#8221; link=&#8221;url:https%3A%2F%2Ftherapiesenergetiques.ch%2Fen%2Fwalk-in-et-2eme-ame%2F&#8221;][\/vc_column][vc_column width=&#8221;1\/3&#8243;][vc_single_image image=&#8221;1602&#8243; img_size=&#8221;250&#215;250&#8243; alignment=&#8221;center&#8221; style=&#8221;vc_box_outline_circle_2&#8243; onclick=&#8221;custom_link&#8221; link=&#8221;https:\/\/therapiesenergetiques.ch\/en\/past-life\/&#8221;][vc_custom_heading text=&#8221;Reading past lives&#8221; font_container=&#8221;tag:h4|text_align:center|color:%23a03f7f&#8221; use_theme_fonts=&#8221;yes&#8221;][vc_column_text]<\/p>\n<p style=\"text-align: center;\">Reading and releasing the memories of earthly lives<\/p>\n<p>[\/vc_column_text][vc_btn title=&#8221;Know more&#8221; shape=&#8221;round&#8221; align=&#8221;center&#8221; link=&#8221;url:https%3A%2F%2Ftherapiesenergetiques.ch%2Fen%2Fpast-life%2F&#8221;][\/vc_column][vc_column width=&#8221;1\/3&#8243;][vc_single_image image=&#8221;1604&#8243; img_size=&#8221;250&#215;250&#8243; alignment=&#8221;center&#8221; style=&#8221;vc_box_outline_circle_2&#8243; onclick=&#8221;custom_link&#8221; link=&#8221;https:\/\/therapiesenergetiques.ch\/en\/karmas-galactiques\/&#8221;][vc_custom_heading text=&#8221;Galactic Karmas&#8221; font_container=&#8221;tag:h4|text_align:center|color:%23a03f7f&#8221; use_theme_fonts=&#8221;yes&#8221;][vc_column_text]<\/p>\n<p style=\"text-align: center;\">Liberation of memories of lives in other dimensions<\/p>\n<p>[\/vc_column_text][vc_btn title=&#8221;Know more&#8221; shape=&#8221;round&#8221; align=&#8221;center&#8221; link=&#8221;url:https%3A%2F%2Ftherapiesenergetiques.ch%2Fen%2Fkarmas-galactiques%2F&#8221;][\/vc_column][\/vc_row][vc_row][vc_column width=&#8221;1\/3&#8243;][vc_single_image image=&#8221;1606&#8243; img_size=&#8221;250&#215;250&#8243; alignment=&#8221;center&#8221; style=&#8221;vc_box_outline_circle_2&#8243; onclick=&#8221;custom_link&#8221; link=&#8221;https:\/\/therapiesenergetiques.ch\/en\/reconnection\/&#8221;][vc_custom_heading text=&#8221;The Reconnection of Dr. Pearl&#8221; font_container=&#8221;tag:h4|text_align:center|color:%23a03f7f&#8221; use_theme_fonts=&#8221;yes&#8221;][vc_column_text]<\/p>\n<p style=\"text-align: center;\">Boost your projects and accelerate them<\/p>\n<p>[\/vc_column_text][vc_btn title=&#8221;Know more&#8221; shape=&#8221;round&#8221; align=&#8221;center&#8221; link=&#8221;url:https%3A%2F%2Ftherapiesenergetiques.ch%2Fen%2Freconnection%2F&#8221;][\/vc_column][vc_column width=&#8221;1\/3&#8243;][vc_single_image image=&#8221;1136&#8243; img_size=&#8221;full&#8221; alignment=&#8221;center&#8221; style=&#8221;vc_box_outline_circle_2&#8243; onclick=&#8221;custom_link&#8221; link=&#8221;https:\/\/therapiesenergetiques.ch\/en\/reconnective-healing\/&#8221;][vc_custom_heading text=&#8221;Reconnective healing&#8221; font_container=&#8221;tag:h4|text_align:center|color:%23a03f7f&#8221; use_theme_fonts=&#8221;yes&#8221; link=&#8221;url:%23|title:Reconnective%20Healing&#8221;][vc_column_text]<\/p>\n<p style=\"text-align: center;\">Cleanse the aura before or after receiving Reconnection\u00ae<\/p>\n<p>[\/vc_column_text][vc_btn title=&#8221;Know more&#8221; shape=&#8221;round&#8221; align=&#8221;center&#8221; link=&#8221;url:https%3A%2F%2Ftherapiesenergetiques.ch%2Fen%2Freconnective-healing%2F&#8221;][\/vc_column][vc_column width=&#8221;1\/3&#8243;][vc_single_image image=&#8221;1608&#8243; img_size=&#8221;250&#215;250&#8243; alignment=&#8221;center&#8221; style=&#8221;vc_box_outline_circle_2&#8243; onclick=&#8221;custom_link&#8221; link=&#8221;https:\/\/therapiesenergetiques.ch\/en\/formation-en-bioresonance-multidimensionnelle\/&#8221;][vc_custom_heading text=&#8221;Multidimensional bioresonance training&#8221; font_container=&#8221;tag:h4|text_align:center|color:%23a03f7f&#8221; use_theme_fonts=&#8221;yes&#8221; link=&#8221;url:%23|title:Reconnective%20Healing&#8221;][vc_btn title=&#8221;Know more&#8221; shape=&#8221;round&#8221; align=&#8221;center&#8221; link=&#8221;url:https%3A%2F%2Ftherapiesenergetiques.ch%2Fen%2Fformation-en-bioresonance-multidimensionnelle%2F&#8221;][\/vc_column][\/vc_row][vc_row][vc_column width=&#8221;1\/3&#8243;][vc_single_image image=&#8221;1853&#8243; img_size=&#8221;250&#215;250&#8243; alignment=&#8221;center&#8221; style=&#8221;vc_box_outline_circle_2&#8243; onclick=&#8221;custom_link&#8221; link=&#8221;https:\/\/therapiesenergetiques.ch\/en\/service\/octaves-ascendantes\/&#8221;][vc_custom_heading text=&#8221;Ascending Octaves&#8221; font_container=&#8221;tag:h4|text_align:center|color:%23a03f7f&#8221; use_theme_fonts=&#8221;yes&#8221; link=&#8221;url:https%3A%2F%2Ftherapiesenergetiques.ch%2Fen%2Fservice%2Foctaves-ascendantes%2F&#8221;][vc_btn title=&#8221;Know more&#8221; shape=&#8221;round&#8221; align=&#8221;center&#8221; link=&#8221;url:https%3A%2F%2Ftherapiesenergetiques.ch%2Fen%2Fservice%2Foctaves-ascendantes%2F&#8221;][\/vc_column][vc_column width=&#8221;1\/3&#8243;][vc_single_image image=&#8221;1610&#8243; img_size=&#8221;250&#215;250&#8243; alignment=&#8221;center&#8221; style=&#8221;vc_box_outline_circle_2&#8243; onclick=&#8221;custom_link&#8221; link=&#8221;https:\/\/therapiesenergetiques.ch\/en\/voyages-en-conscience\/&#8221;][vc_custom_heading text=&#8221;Conscious travel&#8221; font_container=&#8221;tag:h4|text_align:center|color:%23a03f7f&#8221; use_theme_fonts=&#8221;yes&#8221;][vc_column_text]<\/p>\n<p style=\"text-align: center;\">Coming soon<\/p>\n<p>[\/vc_column_text][vc_btn title=&#8221;Know more&#8221; shape=&#8221;round&#8221; align=&#8221;center&#8221; link=&#8221;url:https%3A%2F%2Ftherapiesenergetiques.ch%2Fen%2Fvoyages-en-conscience%2F&#8221;][\/vc_column][vc_column width=&#8221;1\/3&#8243;][\/vc_column][\/vc_row][vc_row css=&#8221;.vc_custom_1703754650391{margin-top: 60px !important;padding-top: 0px !important;padding-bottom: 60px !important;background-image: url(https:\/\/therapiesenergetiques.ch\/wp-content\/uploads\/2023\/07\/moon-2.png?id=1157) !important;background-position: center !important;background-repeat: no-repeat !important;background-size: contain !important;}&#8221;][vc_column][vc_raw_html]JTNDZGl2JTIwY2xhc3MlM0QlMjJsb3JhLXEtZGl2JTIyJTNFJTBBJTNDc3BhbiUyMGNsYXNzJTNEJTIybG9yYS1xJTIwbG9yYS1xLXRvcCUyMiUzRSVFMiU4MCU5QyUzQyUyRnNwYW4lM0UlMEElM0NoNSUyMHN0eWxlJTNEJTIydGV4dC1hbGlnbiUzQSUyMGNlbnRlciUzQiUyMGNvbG9yJTNBJTIwJTIzOTk1ODk4JTNCJTIwZm9udC13ZWlnaHQlM0ElMjA2MDAlM0IlMjBmb250LXN0eWxlJTNBJTIwaXRhbGljJTNCJTIyJTNFTGlmZSUyMGlzJTIwb25seSUyMGJlYXJhYmxlJTIwd2hlbiUyMGJvZHklMjBhbmQlMjBzb3VsJTIwbGl2ZSUwQXBlcmZlY3QlMjBoYXJtb255JTJDJTIwd2hlbiUyMHRoZXJlJTIwaXMlMjBhJTIwbmF0dXJhbCUyMGJhbGFuY2UlMEFiZXR3ZWVuJTIwdGhlbSUyQyUyMGFuZCUyMHdoZW4lMjB0aGV5JTIwaGF2ZSUwQW11dHVhbCUyMHJlc3BlY3QlMjBmb3IlMjBlYWNoJTIwb3RoZXIuJTNDJTJGaDUlM0UlMEElM0NzcGFuJTIwY2xhc3MlM0QlMjJsb3JhLXElMjBsb3JhLXEtYm90dG9tJTIyJTNFJUUyJTgwJTlEJTNDJTJGc3BhbiUzRSUwQSUzQyUyRmRpdiUzRQ==[\/vc_raw_html][vc_custom_heading text=&#8221;- David Herbert Lawrence -&#8221; font_container=&#8221;tag:h5|font_size:24|text_align:center|color:%235a2e68&#8243; use_theme_fonts=&#8221;yes&#8221;][\/vc_column][\/vc_row]<\/p>\n<\/div>","protected":false},"excerpt":{"rendered":"<p>[vc_row full_width=&#8221;stretch_row_content&#8221; disable_element=&#8221;yes&#8221; el_class=&#8221;overflow-visible mobile-margin&#8221; css=&#8221;.vc_custom_1706544102807{margin-bottom: -100px !important;}&#8221;][vc_column width=&#8221;1\/4&#8243; css=&#8221;.vc_custom_1688905235620{margin-top: -90px !important;}&#8221;][vc_single_image image=&#8221;1127&#8243; img_size=&#8221;full&#8221; alignment=&#8221;center&#8221;][\/vc_column][vc_column width=&#8221;1\/2&#8243;][vc_custom_heading text=&#8221;Bienvenue&#8221; font_container=&#8221;tag:h1|text_align:center|color:%23b8945c&#8221; use_theme_fonts=&#8221;yes&#8221;][vc_column_text] Que vous cherchiez \u00e0 vous transformer par le biofeedback\/bior\u00e9sonance, la lib\u00e9ration karmique (nettoyage \u00e9nerg\u00e9tique \u00e0 distance sur 2 mois), les vies ant\u00e9rieures (r\u00e9gression dans la vie actuelle, la vie f\u0153tale et les vies ant\u00e9rieures) ou la [&hellip;]<\/p>\n","protected":false},"author":1,"featured_media":1924,"parent":0,"menu_order":1,"comment_status":"closed","ping_status":"closed","template":"","meta":{"_monsterinsights_skip_tracking":false,"_monsterinsights_sitenote_active":false,"_monsterinsights_sitenote_note":"","_monsterinsights_sitenote_category":0,"_uf_show_specific_survey":0,"_uf_disable_surveys":false,"footnotes":""},"class_list":["post-1312","page","type-page","status-publish","has-post-thumbnail","hentry"],"yoast_head":"<!-- This site is optimized with the Yoast SEO Premium plugin v22.3 (Yoast SEO v26.6) - https:\/\/yoast.com\/wordpress\/plugins\/seo\/ -->\n<title>Th\u00e9rapies \u00e9nerg\u00e9tiques Morges | www.therapiesenergetiques.ch<\/title>\n<meta name=\"description\" content=\"{:fr}Th\u00e9rapies \u00e9nerg\u00e9tiques: bilan \u00e9nerg\u00e9tique gr\u00e2ce au biofeedback et bior\u00e9sonance, Reconnection\u00ae, r\u00e9gression dans les vies pass\u00e9es, radiesth\u00e9sie \u00e0 Morges.{:en}Energetic therapies: energetic assessment with biofeedback and bioresonance devices, Dr PearlReconnection\u00ae, past life regression, spiritual dowsing in Morges and Apples. {:}\" \/>\n<meta name=\"robots\" content=\"index, follow, max-snippet:-1, max-image-preview:large, max-video-preview:-1\" \/>\n<link rel=\"canonical\" href=\"https:\/\/therapiesenergetiques.ch\/en\/\" \/>\n<meta property=\"og:locale\" content=\"en_US\" \/>\n<meta property=\"og:type\" content=\"article\" \/>\n<meta property=\"og:title\" content=\"Home\" \/>\n<meta property=\"og:description\" content=\"{:fr}Th\u00e9rapies \u00e9nerg\u00e9tiques: bilan \u00e9nerg\u00e9tique gr\u00e2ce au biofeedback et bior\u00e9sonance, Reconnection\u00ae, r\u00e9gression dans les vies pass\u00e9es, radiesth\u00e9sie \u00e0 Morges.{:en}Energetic therapies: energetic assessment with biofeedback and bioresonance devices, Dr PearlReconnection\u00ae, past life regression, spiritual dowsing in Morges and Apples. {:}\" \/>\n<meta property=\"og:url\" content=\"https:\/\/therapiesenergetiques.ch\/en\/\" \/>\n<meta property=\"og:site_name\" content=\"THERAPIES ENERGETIQUES\" \/>\n<meta property=\"article:publisher\" content=\"https:\/\/www.facebook.com\/laurence.leon.56\" \/>\n<meta property=\"article:modified_time\" content=\"2025-05-17T12:34:04+00:00\" \/>\n<meta property=\"og:image\" content=\"https:\/\/therapiesenergetiques.ch\/wp-content\/uploads\/2025\/05\/logo.jpg\" \/>\n\t<meta property=\"og:image:width\" content=\"250\" \/>\n\t<meta property=\"og:image:height\" content=\"250\" \/>\n\t<meta property=\"og:image:type\" content=\"image\/jpeg\" \/>\n<meta name=\"twitter:label1\" content=\"Est. reading time\" \/>\n\t<meta name=\"twitter:data1\" content=\"3 minutes\" \/>\n<script type=\"application\/ld+json\" class=\"yoast-schema-graph\">{\"@context\":\"https:\/\/schema.org\",\"@graph\":[{\"@type\":\"WebPage\",\"@id\":\"https:\/\/therapiesenergetiques.ch\/en\/\",\"url\":\"https:\/\/therapiesenergetiques.ch\/en\/\",\"name\":\"Th\u00e9rapies \u00e9nerg\u00e9tiques Morges | www.therapiesenergetiques.ch\",\"isPartOf\":{\"@id\":\"https:\/\/therapiesenergetiques.ch\/#website\"},\"primaryImageOfPage\":{\"@id\":\"https:\/\/therapiesenergetiques.ch\/en\/#primaryimage\"},\"image\":{\"@id\":\"https:\/\/therapiesenergetiques.ch\/en\/#primaryimage\"},\"thumbnailUrl\":\"https:\/\/therapiesenergetiques.ch\/wp-content\/uploads\/2025\/05\/logo.jpg\",\"datePublished\":\"2013-09-24T06:35:06+00:00\",\"dateModified\":\"2025-05-17T12:34:04+00:00\",\"description\":\"{:fr}Th\u00e9rapies \u00e9nerg\u00e9tiques: bilan \u00e9nerg\u00e9tique gr\u00e2ce au biofeedback et bior\u00e9sonance, Reconnection\u00ae, r\u00e9gression dans les vies pass\u00e9es, radiesth\u00e9sie \u00e0 Morges.{:en}Energetic therapies: energetic assessment with biofeedback and bioresonance devices, Dr PearlReconnection\u00ae, past life regression, spiritual dowsing in Morges and Apples. {:}\",\"inLanguage\":\"en-US\",\"potentialAction\":[{\"@type\":\"ReadAction\",\"target\":[\"https:\/\/therapiesenergetiques.ch\/en\/\"]}]},{\"@type\":\"ImageObject\",\"inLanguage\":\"en-US\",\"@id\":\"https:\/\/therapiesenergetiques.ch\/en\/#primaryimage\",\"url\":\"https:\/\/therapiesenergetiques.ch\/wp-content\/uploads\/2025\/05\/logo.jpg\",\"contentUrl\":\"https:\/\/therapiesenergetiques.ch\/wp-content\/uploads\/2025\/05\/logo.jpg\",\"width\":250,\"height\":250},{\"@type\":\"WebSite\",\"@id\":\"https:\/\/therapiesenergetiques.ch\/#website\",\"url\":\"https:\/\/therapiesenergetiques.ch\/\",\"name\":\"THERAPIES ENERGETIQUES\",\"description\":\"Bior\u00e9sonance, gu\u00e9rison spirituelle, reconnection\",\"publisher\":{\"@id\":\"https:\/\/therapiesenergetiques.ch\/#organization\"},\"potentialAction\":[{\"@type\":\"SearchAction\",\"target\":{\"@type\":\"EntryPoint\",\"urlTemplate\":\"https:\/\/therapiesenergetiques.ch\/?s={search_term_string}\"},\"query-input\":{\"@type\":\"PropertyValueSpecification\",\"valueRequired\":true,\"valueName\":\"search_term_string\"}}],\"inLanguage\":\"en-US\"},{\"@type\":\"Organization\",\"@id\":\"https:\/\/therapiesenergetiques.ch\/#organization\",\"name\":\"THERAPIES ENERGETIQUES\",\"url\":\"https:\/\/therapiesenergetiques.ch\/\",\"logo\":{\"@type\":\"ImageObject\",\"inLanguage\":\"en-US\",\"@id\":\"https:\/\/therapiesenergetiques.ch\/#\/schema\/logo\/image\/\",\"url\":\"https:\/\/therapiesenergetiques.ch\/wp-content\/uploads\/2022\/10\/Energetic-therapies-THERAPIES-ENERGETIQUES.png\",\"contentUrl\":\"https:\/\/therapiesenergetiques.ch\/wp-content\/uploads\/2022\/10\/Energetic-therapies-THERAPIES-ENERGETIQUES.png\",\"width\":638,\"height\":153,\"caption\":\"THERAPIES ENERGETIQUES\"},\"image\":{\"@id\":\"https:\/\/therapiesenergetiques.ch\/#\/schema\/logo\/image\/\"},\"sameAs\":[\"https:\/\/www.facebook.com\/laurence.leon.56\",\"https:\/\/www.linkedin.com\/in\/laurence-lon-0532b81\/\"]}]}<\/script>\n<!-- \/ Yoast SEO Premium plugin. -->","yoast_head_json":{"title":"Th\u00e9rapies \u00e9nerg\u00e9tiques Morges | www.therapiesenergetiques.ch","description":"{:fr}Th\u00e9rapies \u00e9nerg\u00e9tiques: bilan \u00e9nerg\u00e9tique gr\u00e2ce au biofeedback et bior\u00e9sonance, Reconnection\u00ae, r\u00e9gression dans les vies pass\u00e9es, radiesth\u00e9sie \u00e0 Morges.{:en}Energetic therapies: energetic assessment with biofeedback and bioresonance devices, Dr PearlReconnection\u00ae, past life regression, spiritual dowsing in Morges and Apples. {:}","robots":{"index":"index","follow":"follow","max-snippet":"max-snippet:-1","max-image-preview":"max-image-preview:large","max-video-preview":"max-video-preview:-1"},"canonical":"https:\/\/therapiesenergetiques.ch\/en\/","og_locale":"en_US","og_type":"article","og_title":"Home","og_description":"{:fr}Th\u00e9rapies \u00e9nerg\u00e9tiques: bilan \u00e9nerg\u00e9tique gr\u00e2ce au biofeedback et bior\u00e9sonance, Reconnection\u00ae, r\u00e9gression dans les vies pass\u00e9es, radiesth\u00e9sie \u00e0 Morges.{:en}Energetic therapies: energetic assessment with biofeedback and bioresonance devices, Dr PearlReconnection\u00ae, past life regression, spiritual dowsing in Morges and Apples. {:}","og_url":"https:\/\/therapiesenergetiques.ch\/en\/","og_site_name":"THERAPIES ENERGETIQUES","article_publisher":"https:\/\/www.facebook.com\/laurence.leon.56","article_modified_time":"2025-05-17T12:34:04+00:00","og_image":[{"width":250,"height":250,"url":"https:\/\/therapiesenergetiques.ch\/wp-content\/uploads\/2025\/05\/logo.jpg","type":"image\/jpeg"}],"twitter_misc":{"Est. reading time":"3 minutes"},"schema":{"@context":"https:\/\/schema.org","@graph":[{"@type":"WebPage","@id":"https:\/\/therapiesenergetiques.ch\/en\/","url":"https:\/\/therapiesenergetiques.ch\/en\/","name":"Th\u00e9rapies \u00e9nerg\u00e9tiques Morges | www.therapiesenergetiques.ch","isPartOf":{"@id":"https:\/\/therapiesenergetiques.ch\/#website"},"primaryImageOfPage":{"@id":"https:\/\/therapiesenergetiques.ch\/en\/#primaryimage"},"image":{"@id":"https:\/\/therapiesenergetiques.ch\/en\/#primaryimage"},"thumbnailUrl":"https:\/\/therapiesenergetiques.ch\/wp-content\/uploads\/2025\/05\/logo.jpg","datePublished":"2013-09-24T06:35:06+00:00","dateModified":"2025-05-17T12:34:04+00:00","description":"{:fr}Th\u00e9rapies \u00e9nerg\u00e9tiques: bilan \u00e9nerg\u00e9tique gr\u00e2ce au biofeedback et bior\u00e9sonance, Reconnection\u00ae, r\u00e9gression dans les vies pass\u00e9es, radiesth\u00e9sie \u00e0 Morges.{:en}Energetic therapies: energetic assessment with biofeedback and bioresonance devices, Dr PearlReconnection\u00ae, past life regression, spiritual dowsing in Morges and Apples. {:}","inLanguage":"en-US","potentialAction":[{"@type":"ReadAction","target":["https:\/\/therapiesenergetiques.ch\/en\/"]}]},{"@type":"ImageObject","inLanguage":"en-US","@id":"https:\/\/therapiesenergetiques.ch\/en\/#primaryimage","url":"https:\/\/therapiesenergetiques.ch\/wp-content\/uploads\/2025\/05\/logo.jpg","contentUrl":"https:\/\/therapiesenergetiques.ch\/wp-content\/uploads\/2025\/05\/logo.jpg","width":250,"height":250},{"@type":"WebSite","@id":"https:\/\/therapiesenergetiques.ch\/#website","url":"https:\/\/therapiesenergetiques.ch\/","name":"THERAPIES ENERGETIQUES","description":"Bior\u00e9sonance, gu\u00e9rison spirituelle, reconnection","publisher":{"@id":"https:\/\/therapiesenergetiques.ch\/#organization"},"potentialAction":[{"@type":"SearchAction","target":{"@type":"EntryPoint","urlTemplate":"https:\/\/therapiesenergetiques.ch\/?s={search_term_string}"},"query-input":{"@type":"PropertyValueSpecification","valueRequired":true,"valueName":"search_term_string"}}],"inLanguage":"en-US"},{"@type":"Organization","@id":"https:\/\/therapiesenergetiques.ch\/#organization","name":"THERAPIES ENERGETIQUES","url":"https:\/\/therapiesenergetiques.ch\/","logo":{"@type":"ImageObject","inLanguage":"en-US","@id":"https:\/\/therapiesenergetiques.ch\/#\/schema\/logo\/image\/","url":"https:\/\/therapiesenergetiques.ch\/wp-content\/uploads\/2022\/10\/Energetic-therapies-THERAPIES-ENERGETIQUES.png","contentUrl":"https:\/\/therapiesenergetiques.ch\/wp-content\/uploads\/2022\/10\/Energetic-therapies-THERAPIES-ENERGETIQUES.png","width":638,"height":153,"caption":"THERAPIES ENERGETIQUES"},"image":{"@id":"https:\/\/therapiesenergetiques.ch\/#\/schema\/logo\/image\/"},"sameAs":["https:\/\/www.facebook.com\/laurence.leon.56","https:\/\/www.linkedin.com\/in\/laurence-lon-0532b81\/"]}]}},"_links":{"self":[{"href":"https:\/\/therapiesenergetiques.ch\/en\/wp-json\/wp\/v2\/pages\/1312","targetHints":{"allow":["GET"]}}],"collection":[{"href":"https:\/\/therapiesenergetiques.ch\/en\/wp-json\/wp\/v2\/pages"}],"about":[{"href":"https:\/\/therapiesenergetiques.ch\/en\/wp-json\/wp\/v2\/types\/page"}],"author":[{"embeddable":true,"href":"https:\/\/therapiesenergetiques.ch\/en\/wp-json\/wp\/v2\/users\/1"}],"replies":[{"embeddable":true,"href":"https:\/\/therapiesenergetiques.ch\/en\/wp-json\/wp\/v2\/comments?post=1312"}],"version-history":[{"count":15,"href":"https:\/\/therapiesenergetiques.ch\/en\/wp-json\/wp\/v2\/pages\/1312\/revisions"}],"predecessor-version":[{"id":1858,"href":"https:\/\/therapiesenergetiques.ch\/en\/wp-json\/wp\/v2\/pages\/1312\/revisions\/1858"}],"wp:featuredmedia":[{"embeddable":true,"href":"https:\/\/therapiesenergetiques.ch\/en\/wp-json\/wp\/v2\/media\/1924"}],"wp:attachment":[{"href":"https:\/\/therapiesenergetiques.ch\/en\/wp-json\/wp\/v2\/media?parent=1312"}],"curies":[{"name":"wp","href":"https:\/\/api.w.org\/{rel}","templated":true}]}}